{"id":6360,"date":"2024-05-24T13:07:23","date_gmt":"2024-05-24T13:07:23","guid":{"rendered":"https:\/\/achouffe-valley.be\/eten-drinken\/"},"modified":"2026-03-27T12:11:29","modified_gmt":"2026-03-27T12:11:29","slug":"manger-boire","status":"publish","type":"page","link":"https:\/\/achouffe-valley.be\/fr\/manger-boire\/","title":{"rendered":"Restaurant \u00e0 Houffalize"},"content":{"rendered":"\t\t<div data-elementor-type=\"wp-page\" data-elementor-id=\"6360\" class=\"elementor elementor-6360 elementor-4996\">\n\t\t\t\t<div class=\"elementor-element elementor-element-b412a1a e-flex e-con-boxed e-con e-parent\" data-id=\"b412a1a\" data-element_type=\"container\">\n\t\t\t\t\t<div class=\"e-con-inner\">\n\t\t<div class=\"elementor-element elementor-element-5fb684c e-con-full e-flex e-con e-child\" data-id=\"5fb684c\" data-element_type=\"container\" data-settings=\"{&quot;background_background&quot;:&quot;classic&quot;}\">\n\t\t\t\t<div class=\"elementor-element elementor-element-b829e1a elementor-widget elementor-widget-eltdf_section_title\" data-id=\"b829e1a\" data-element_type=\"widget\" data-widget_type=\"eltdf_section_title.default\">\n\t\t\t\t<div class=\"elementor-widget-container\">\n\t\t\t\t\t<div class=\"eltdf-section-title-holder    \" style=\"text-align: center\">\n\t<div class=\"eltdf-st-inner\">\n                    <span class=\"eltdf-st-tagline\">\n                Restauration &amp; boissons            <\/span>\n        \t\t            <div class=\"eltdf-st-title-holder\">\n                                    <div class=\"decor\"><svg xmlns=\"http:\/\/www.w3.org\/2000\/svg\" width=\"41.125\" height=\"9.146\">\n                            <path fill=\"none\" stroke=\"#9C7C57\" stroke-miterlimit=\"10\" d=\"M40.881 8.576L20.562.591.244 8.576\"\/>\n                            <path fill=\"none\" stroke=\"#9C7C57\" stroke-miterlimit=\"10\" d=\"M40.881.591L20.562 8.576.243.591\"\/>\n                        <\/svg><\/div>\n                                <h2 class=\"eltdf-st-title\" >\n                    Restaurant \u00e0 Houffalize                <\/h2>\n                                    <div class=\"decor\"><svg xmlns=\"http:\/\/www.w3.org\/2000\/svg\" width=\"41.125\" height=\"9.146\">\n                            <path fill=\"none\" stroke=\"#9C7C57\" stroke-miterlimit=\"10\" d=\"M40.881 8.576L20.562.591.244 8.576\"\/>\n                            <path fill=\"none\" stroke=\"#9C7C57\" stroke-miterlimit=\"10\" d=\"M40.881.591L20.562 8.576.243.591\"\/>\n                        <\/svg><\/div>\n                            <\/div>\n\t\t\t\t\t\t\t<\/div>\n<\/div>\t\t\t\t<\/div>\n\t\t\t\t<\/div>\n\t\t\t\t<div class=\"elementor-element elementor-element-da5d5f5 elementor-widget elementor-widget-text-editor\" data-id=\"da5d5f5\" data-element_type=\"widget\" data-widget_type=\"text-editor.default\">\n\t\t\t\t<div class=\"elementor-widget-container\">\n\t\t\t\t\t\t\t\t\t<p>Vous avez une vue panoramique splendide sur la vall\u00e9e d&rsquo;Achouffe depuis notre terrasse panoramique et notre chalet ext\u00e9rieur \u00ab Cheers en Chill \u00bb.<\/p><p>Ici, vous pouvez prendre le soleil en profitant de la vue sur la vall\u00e9e et les for\u00eats infinies d&rsquo;Achouffe. Nous y proposons des places hautes et basses, ainsi que des espaces \u00ab lounge \u00bb plus intimes, o\u00f9 le temps peut s&rsquo;arr\u00eater un instant.<\/p><p>\u00c9videmment, le tout avec une bonne bi\u00e8re locale qui vient tout droit de la brasserie d&rsquo;Achouffe, La Chouffe !<\/p><p>Ou l&rsquo;un de nos cocktails ou mocktails faits maison, sans oublier les Gin-Tonics et autres bi\u00e8res et boissons sp\u00e9ciales, nous nous ferons un plaisir de vous donner conseil.<\/p><p>Le temps d&rsquo;un d\u00e9jeuner, d&rsquo;un d\u00eener ou d&rsquo;un verre convivial ? Soyez les bienvenus et n&rsquo;h\u00e9sitez pas \u00e0 demander nos offres pour venir entre amis, famille ou coll\u00e8gues.<\/p>\t\t\t\t\t\t\t\t<\/div>\n\t\t\t\t<\/div>\n\t\t\t\t<div class=\"elementor-element elementor-element-5037338 button-activiteiten elementor-widget elementor-widget-eltdf_button\" data-id=\"5037338\" data-element_type=\"widget\" data-widget_type=\"eltdf_button.default\">\n\t\t\t\t<div class=\"elementor-widget-container\">\n\t\t\t\t\t<a itemprop=\"url\" href=\"\/wp-content\/uploads\/2026\/03\/Achouffe-Valley-Menu-2026.pdf\" target=\"_blank\" style=\"color: #54595F\" class=\"eltdf-btn eltdf-btn-medium eltdf-btn-outline eltdf-btn-custom-hover-color\" data-hover-color=\"#54595F\" 0=\"color: #54595F\">\n        <span class=\"eltdf-btn-text\">Menu<\/span>\n        <\/a>\t\t\t\t<\/div>\n\t\t\t\t<\/div>\n\t\t\t\t<\/div>\n\t\t<div class=\"elementor-element elementor-element-7951403 e-con-full e-flex e-con e-child\" data-id=\"7951403\" data-element_type=\"container\" data-settings=\"{&quot;background_background&quot;:&quot;classic&quot;}\">\n\t\t\t\t<div class=\"elementor-element elementor-element-ee8b9d9 elementor-widget elementor-widget-spacer\" data-id=\"ee8b9d9\" data-element_type=\"widget\" data-widget_type=\"spacer.default\">\n\t\t\t\t<div class=\"elementor-widget-container\">\n\t\t\t\t\t\t\t<div class=\"elementor-spacer\">\n\t\t\t<div class=\"elementor-spacer-inner\"><\/div>\n\t\t<\/div>\n\t\t\t\t\t\t<\/div>\n\t\t\t\t<\/div>\n\t\t\t\t<\/div>\n\t\t\t\t\t<\/div>\n\t\t\t\t<\/div>\n\t\t<div class=\"elementor-element elementor-element-60e0012 e-flex e-con-boxed e-con e-parent\" data-id=\"60e0012\" data-element_type=\"container\">\n\t\t\t\t\t<div class=\"e-con-inner\">\n\t\t<div class=\"elementor-element elementor-element-0c59bd8 e-con-full e-flex e-con e-child\" data-id=\"0c59bd8\" data-element_type=\"container\" data-settings=\"{&quot;background_background&quot;:&quot;classic&quot;}\">\n\t\t\t\t<div class=\"elementor-element elementor-element-e0d0057 elementor-widget elementor-widget-eltdf_section_title\" data-id=\"e0d0057\" data-element_type=\"widget\" data-widget_type=\"eltdf_section_title.default\">\n\t\t\t\t<div class=\"elementor-widget-container\">\n\t\t\t\t\t<div class=\"eltdf-section-title-holder    \" style=\"text-align: center\">\n\t<div class=\"eltdf-st-inner\">\n        \t\t            <div class=\"eltdf-st-title-holder\">\n                                    <div class=\"decor\"><svg xmlns=\"http:\/\/www.w3.org\/2000\/svg\" width=\"41.125\" height=\"9.146\">\n                            <path fill=\"none\" stroke=\"#9C7C57\" stroke-miterlimit=\"10\" d=\"M40.881 8.576L20.562.591.244 8.576\"\/>\n                            <path fill=\"none\" stroke=\"#9C7C57\" stroke-miterlimit=\"10\" d=\"M40.881.591L20.562 8.576.243.591\"\/>\n                        <\/svg><\/div>\n                                <h2 class=\"eltdf-st-title\" >\n                    Restaurant                <\/h2>\n                                    <div class=\"decor\"><svg xmlns=\"http:\/\/www.w3.org\/2000\/svg\" width=\"41.125\" height=\"9.146\">\n                            <path fill=\"none\" stroke=\"#9C7C57\" stroke-miterlimit=\"10\" d=\"M40.881 8.576L20.562.591.244 8.576\"\/>\n                            <path fill=\"none\" stroke=\"#9C7C57\" stroke-miterlimit=\"10\" d=\"M40.881.591L20.562 8.576.243.591\"\/>\n                        <\/svg><\/div>\n                            <\/div>\n\t\t\t\t\t\t\t<\/div>\n<\/div>\t\t\t\t<\/div>\n\t\t\t\t<\/div>\n\t\t\t\t<div class=\"elementor-element elementor-element-0c9d2b6 elementor-widget elementor-widget-text-editor\" data-id=\"0c9d2b6\" data-element_type=\"widget\" data-widget_type=\"text-editor.default\">\n\t\t\t\t<div class=\"elementor-widget-container\">\n\t\t\t\t\t\t\t\t\t<p>Notre restaurant est dot\u00e9 de magnifiques meubles rev\u00eatus de tissu, ce qui est unique dans les Ardennes. Nous avons en effet apport\u00e9 soin et chaleur pour que nos convives se sentent les bienvenus. Notre carte est tr\u00e8s vari\u00e9e, adapt\u00e9e aux petits et aux grands, allant de plats simples aux plats un peu plus culinaires &#8211; il y en a pour tous les go\u00fbts.<br \/>Vous y trouverez \u00e9galement nos planches de tapas (renomm\u00e9es) d&rsquo;Achouffe Valley.<\/p><p>Notre v\u00e9randa est un espace chaleureux o\u00f9 vous \u00eates le bienvenu avec votre chien et o\u00f9 nous vous accueillons pour une pause lors de votre sortie v\u00e9lo, m\u00eame si vous avez un peu de boue sur vous.<br \/>Vous recherchez un restaurant-brasserie \u00e0 Achouffe (Houffalize) ? Ici, vous \u00eates au bon endroit !<\/p>\t\t\t\t\t\t\t\t<\/div>\n\t\t\t\t<\/div>\n\t\t\t\t<div class=\"elementor-element elementor-element-9d1718f button-activiteiten elementor-widget elementor-widget-eltdf_button\" data-id=\"9d1718f\" data-element_type=\"widget\" data-widget_type=\"eltdf_button.default\">\n\t\t\t\t<div class=\"elementor-widget-container\">\n\t\t\t\t\t<a itemprop=\"url\" href=\"\/wp-content\/uploads\/2026\/03\/Achouffe-Valley-Menu-2026.pdf\" target=\"_blank\" style=\"color: #54595F\" class=\"eltdf-btn eltdf-btn-medium eltdf-btn-outline eltdf-btn-custom-hover-color\" data-hover-color=\"#54595F\" 0=\"color: #54595F\">\n        <span class=\"eltdf-btn-text\">Menu<\/span>\n        <\/a>\t\t\t\t<\/div>\n\t\t\t\t<\/div>\n\t\t\t\t<\/div>\n\t\t<div class=\"elementor-element elementor-element-a5385c1 e-con-full e-flex e-con e-child\" data-id=\"a5385c1\" data-element_type=\"container\" data-settings=\"{&quot;background_background&quot;:&quot;classic&quot;}\">\n\t\t\t\t<div class=\"elementor-element elementor-element-29d2434 elementor-widget elementor-widget-spacer\" data-id=\"29d2434\" data-element_type=\"widget\" data-widget_type=\"spacer.default\">\n\t\t\t\t<div class=\"elementor-widget-container\">\n\t\t\t\t\t\t\t<div class=\"elementor-spacer\">\n\t\t\t<div class=\"elementor-spacer-inner\"><\/div>\n\t\t<\/div>\n\t\t\t\t\t\t<\/div>\n\t\t\t\t<\/div>\n\t\t\t\t<\/div>\n\t\t\t\t\t<\/div>\n\t\t\t\t<\/div>\n\t\t<div class=\"elementor-element elementor-element-925db61 e-flex e-con-boxed e-con e-parent\" data-id=\"925db61\" data-element_type=\"container\">\n\t\t\t\t\t<div class=\"e-con-inner\">\n\t\t<div class=\"elementor-element elementor-element-56e3745 e-con-full e-flex e-con e-child\" data-id=\"56e3745\" data-element_type=\"container\" data-settings=\"{&quot;background_background&quot;:&quot;classic&quot;}\">\n\t\t\t\t<div class=\"elementor-element elementor-element-feacce7 elementor-widget elementor-widget-eltdf_section_title\" data-id=\"feacce7\" data-element_type=\"widget\" data-widget_type=\"eltdf_section_title.default\">\n\t\t\t\t<div class=\"elementor-widget-container\">\n\t\t\t\t\t<div class=\"eltdf-section-title-holder    \" style=\"text-align: center\">\n\t<div class=\"eltdf-st-inner\">\n        \t\t            <div class=\"eltdf-st-title-holder\">\n                                    <div class=\"decor\"><svg xmlns=\"http:\/\/www.w3.org\/2000\/svg\" width=\"41.125\" height=\"9.146\">\n                            <path fill=\"none\" stroke=\"#9C7C57\" stroke-miterlimit=\"10\" d=\"M40.881 8.576L20.562.591.244 8.576\"\/>\n                            <path fill=\"none\" stroke=\"#9C7C57\" stroke-miterlimit=\"10\" d=\"M40.881.591L20.562 8.576.243.591\"\/>\n                        <\/svg><\/div>\n                                <h2 class=\"eltdf-st-title\" >\n                    POUR LES ENFANTS                <\/h2>\n                                    <div class=\"decor\"><svg xmlns=\"http:\/\/www.w3.org\/2000\/svg\" width=\"41.125\" height=\"9.146\">\n                            <path fill=\"none\" stroke=\"#9C7C57\" stroke-miterlimit=\"10\" d=\"M40.881 8.576L20.562.591.244 8.576\"\/>\n                            <path fill=\"none\" stroke=\"#9C7C57\" stroke-miterlimit=\"10\" d=\"M40.881.591L20.562 8.576.243.591\"\/>\n                        <\/svg><\/div>\n                            <\/div>\n\t\t\t\t\t\t\t<\/div>\n<\/div>\t\t\t\t<\/div>\n\t\t\t\t<\/div>\n\t\t\t\t<div class=\"elementor-element elementor-element-8d26964 elementor-widget elementor-widget-text-editor\" data-id=\"8d26964\" data-element_type=\"widget\" data-widget_type=\"text-editor.default\">\n\t\t\t\t<div class=\"elementor-widget-container\">\n\t\t\t\t\t\t\t\t\t<p><strong>Pour les enfants, nous disposons d&rsquo;un terrain de jeu aventureux.<\/strong><\/p><p>Tous les enfants dont les parents sont install\u00e9s sur notre terrasse sont les bienvenus dans notre terrain de jeux aventureux et naturel de 250 m\u00b2. Il y a m\u00eame un v\u00e9ritable podium Instagram. (N&rsquo;oubliez pas de nous taguer sur #achouffevalley). Ce terrain est situ\u00e9 juste \u00e0 c\u00f4t\u00e9 de la terrasse, pour que vous puissiez garder un \u0153il attentif sur vos enfants.<br \/>Ainsi, tout le monde est heureux et les parents et nos autres convives peuvent profiter en toute tranquillit\u00e9 d&rsquo;un en-cas et d&rsquo;une boisson sur la terrasse.<\/p><p>(L&rsquo;entr\u00e9e du terrain est \u00e0 vos propres risques et la consommation personnelle n&rsquo;est pas autoris\u00e9e.)<\/p><p>Nous proposons aux enfants:<\/p><p>\u2022 2 toboggans<br \/>\u2022 un filet d&rsquo;escalade<br \/>\u2022 une corde d&rsquo;escalade<br \/>\u2022 un arbre d&rsquo;\u00e9quilibre<br \/>\u2022 un balancier<br \/>\u2022 des balan\u00e7oires (\u00e0 partir de b\u00e9b\u00e9)<br \/>\u2022 un mur d&rsquo;escalade<br \/>\u2022 un parcours \u00e0 pied<\/p><p>Nos ados plus \u00e2g\u00e9s peuvent s&rsquo;amuser sur notre terrain d&rsquo;activit\u00e9s.<\/p>\t\t\t\t\t\t\t\t<\/div>\n\t\t\t\t<\/div>\n\t\t\t\t<\/div>\n\t\t<div class=\"elementor-element elementor-element-617b2c0 e-con-full e-flex e-con e-child\" data-id=\"617b2c0\" data-element_type=\"container\" data-settings=\"{&quot;background_background&quot;:&quot;classic&quot;}\">\n\t\t\t\t<div class=\"elementor-element elementor-element-7cbfa7e elementor-widget elementor-widget-spacer\" data-id=\"7cbfa7e\" data-element_type=\"widget\" data-widget_type=\"spacer.default\">\n\t\t\t\t<div class=\"elementor-widget-container\">\n\t\t\t\t\t\t\t<div class=\"elementor-spacer\">\n\t\t\t<div class=\"elementor-spacer-inner\"><\/div>\n\t\t<\/div>\n\t\t\t\t\t\t<\/div>\n\t\t\t\t<\/div>\n\t\t\t\t<\/div>\n\t\t\t\t\t<\/div>\n\t\t\t\t<\/div>\n\t\t\t\t<\/div>\n\t\t","protected":false},"excerpt":{"rendered":"<p>Restauration &amp; boissons Restaurant \u00e0 Houffalize Vous avez une vue panoramique splendide sur la vall\u00e9e d&rsquo;Achouffe depuis notre terrasse panoramique et notre chalet ext\u00e9rieur \u00ab Cheers en Chill \u00bb. Ici, vous pouvez prendre le soleil en profitant de la vue sur la vall\u00e9e et les for\u00eats infinies d&rsquo;Achouffe. Nous y proposons des places hautes et basses, ainsi que des espaces [&hellip;]<\/p>\n","protected":false},"author":2,"featured_media":0,"parent":0,"menu_order":0,"comment_status":"closed","ping_status":"closed","template":"full-width.php","meta":{"_monsterinsights_skip_tracking":false,"_monsterinsights_sitenote_active":false,"_monsterinsights_sitenote_note":"","_monsterinsights_sitenote_category":0,"footnotes":""},"class_list":["post-6360","page","type-page","status-publish","hentry"],"yoast_head":"<!-- This site is optimized with the Yoast SEO plugin v26.6 - https:\/\/yoast.com\/wordpress\/plugins\/seo\/ -->\n<title>Restaurant \u00e0 Houffalize | Restauration &amp; Boissons | Achouffe Valley<\/title>\n<meta name=\"description\" content=\"Vous cherchez un restaurant \u00e0 Houffalize ? Profitez chez Achouffe Valley de plats savoureux, de sp\u00e9cialit\u00e9s locales et d\u2019une ambiance chaleureuse et accueillante.\" \/>\n<meta name=\"robots\" content=\"index, follow, max-snippet:-1, max-image-preview:large, max-video-preview:-1\" \/>\n<link rel=\"canonical\" href=\"https:\/\/achouffe-valley.be\/fr\/manger-boire\/\" \/>\n<meta property=\"og:locale\" content=\"fr_FR\" \/>\n<meta property=\"og:type\" content=\"article\" \/>\n<meta property=\"og:title\" content=\"Restaurant \u00e0 Houffalize | Restauration &amp; Boissons | Achouffe Valley\" \/>\n<meta property=\"og:description\" content=\"Vous cherchez un restaurant \u00e0 Houffalize ? Profitez chez Achouffe Valley de plats savoureux, de sp\u00e9cialit\u00e9s locales et d\u2019une ambiance chaleureuse et accueillante.\" \/>\n<meta property=\"og:url\" content=\"https:\/\/achouffe-valley.be\/fr\/manger-boire\/\" \/>\n<meta property=\"og:site_name\" content=\"Achouffe Valley\" \/>\n<meta property=\"article:publisher\" content=\"https:\/\/www.facebook.com\/achouffevalley\" \/>\n<meta property=\"article:modified_time\" content=\"2026-03-27T12:11:29+00:00\" \/>\n<meta property=\"og:image\" content=\"https:\/\/achouffe-valley.be\/wp-content\/uploads\/2024\/04\/img-achouffe-valley-panorama-dakterras.jpg\" \/>\n\t<meta property=\"og:image:width\" content=\"1800\" \/>\n\t<meta property=\"og:image:height\" content=\"1202\" \/>\n\t<meta property=\"og:image:type\" content=\"image\/jpeg\" \/>\n<meta name=\"twitter:card\" content=\"summary_large_image\" \/>\n<meta name=\"twitter:label1\" content=\"Dur\u00e9e de lecture estim\u00e9e\" \/>\n\t<meta name=\"twitter:data1\" content=\"3 minutes\" \/>\n<script type=\"application\/ld+json\" class=\"yoast-schema-graph\">{\"@context\":\"https:\/\/schema.org\",\"@graph\":[{\"@type\":\"WebPage\",\"@id\":\"https:\/\/achouffe-valley.be\/fr\/manger-boire\/\",\"url\":\"https:\/\/achouffe-valley.be\/fr\/manger-boire\/\",\"name\":\"Restaurant \u00e0 Houffalize | Restauration & Boissons | Achouffe Valley\",\"isPartOf\":{\"@id\":\"https:\/\/achouffe-valley.be\/fr\/#website\"},\"datePublished\":\"2024-05-24T13:07:23+00:00\",\"dateModified\":\"2026-03-27T12:11:29+00:00\",\"description\":\"Vous cherchez un restaurant \u00e0 Houffalize ? Profitez chez Achouffe Valley de plats savoureux, de sp\u00e9cialit\u00e9s locales et d\u2019une ambiance chaleureuse et accueillante.\",\"breadcrumb\":{\"@id\":\"https:\/\/achouffe-valley.be\/fr\/manger-boire\/#breadcrumb\"},\"inLanguage\":\"fr-FR\",\"potentialAction\":[{\"@type\":\"ReadAction\",\"target\":[\"https:\/\/achouffe-valley.be\/fr\/manger-boire\/\"]}]},{\"@type\":\"BreadcrumbList\",\"@id\":\"https:\/\/achouffe-valley.be\/fr\/manger-boire\/#breadcrumb\",\"itemListElement\":[{\"@type\":\"ListItem\",\"position\":1,\"name\":\"Home\",\"item\":\"https:\/\/achouffe-valley.be\/fr\/\"},{\"@type\":\"ListItem\",\"position\":2,\"name\":\"Restaurant \u00e0 Houffalize\"}]},{\"@type\":\"WebSite\",\"@id\":\"https:\/\/achouffe-valley.be\/fr\/#website\",\"url\":\"https:\/\/achouffe-valley.be\/fr\/\",\"name\":\"Achouffe Valley\",\"description\":\"Hotel Restaurant Activiteiten\",\"publisher\":{\"@id\":\"https:\/\/achouffe-valley.be\/fr\/#organization\"},\"potentialAction\":[{\"@type\":\"SearchAction\",\"target\":{\"@type\":\"EntryPoint\",\"urlTemplate\":\"https:\/\/achouffe-valley.be\/fr\/?s={search_term_string}\"},\"query-input\":{\"@type\":\"PropertyValueSpecification\",\"valueRequired\":true,\"valueName\":\"search_term_string\"}}],\"inLanguage\":\"fr-FR\"},{\"@type\":\"Organization\",\"@id\":\"https:\/\/achouffe-valley.be\/fr\/#organization\",\"name\":\"Achouffe Valley\",\"url\":\"https:\/\/achouffe-valley.be\/fr\/\",\"logo\":{\"@type\":\"ImageObject\",\"inLanguage\":\"fr-FR\",\"@id\":\"https:\/\/achouffe-valley.be\/fr\/#\/schema\/logo\/image\/\",\"url\":\"https:\/\/achouffe-valley.be\/wp-content\/uploads\/2024\/04\/logo-achouffe-valley-full.png\",\"contentUrl\":\"https:\/\/achouffe-valley.be\/wp-content\/uploads\/2024\/04\/logo-achouffe-valley-full.png\",\"width\":500,\"height\":500,\"caption\":\"Achouffe Valley\"},\"image\":{\"@id\":\"https:\/\/achouffe-valley.be\/fr\/#\/schema\/logo\/image\/\"},\"sameAs\":[\"https:\/\/www.facebook.com\/achouffevalley\",\"https:\/\/www.instagram.com\/achouffe.valley\/\"]}]}<\/script>\n<!-- \/ Yoast SEO plugin. -->","yoast_head_json":{"title":"Restaurant \u00e0 Houffalize | Restauration & Boissons | Achouffe Valley","description":"Vous cherchez un restaurant \u00e0 Houffalize ? Profitez chez Achouffe Valley de plats savoureux, de sp\u00e9cialit\u00e9s locales et d\u2019une ambiance chaleureuse et accueillante.","robots":{"index":"index","follow":"follow","max-snippet":"max-snippet:-1","max-image-preview":"max-image-preview:large","max-video-preview":"max-video-preview:-1"},"canonical":"https:\/\/achouffe-valley.be\/fr\/manger-boire\/","og_locale":"fr_FR","og_type":"article","og_title":"Restaurant \u00e0 Houffalize | Restauration & Boissons | Achouffe Valley","og_description":"Vous cherchez un restaurant \u00e0 Houffalize ? Profitez chez Achouffe Valley de plats savoureux, de sp\u00e9cialit\u00e9s locales et d\u2019une ambiance chaleureuse et accueillante.","og_url":"https:\/\/achouffe-valley.be\/fr\/manger-boire\/","og_site_name":"Achouffe Valley","article_publisher":"https:\/\/www.facebook.com\/achouffevalley","article_modified_time":"2026-03-27T12:11:29+00:00","og_image":[{"width":1800,"height":1202,"url":"https:\/\/achouffe-valley.be\/wp-content\/uploads\/2024\/04\/img-achouffe-valley-panorama-dakterras.jpg","type":"image\/jpeg"}],"twitter_card":"summary_large_image","twitter_misc":{"Dur\u00e9e de lecture estim\u00e9e":"3 minutes"},"schema":{"@context":"https:\/\/schema.org","@graph":[{"@type":"WebPage","@id":"https:\/\/achouffe-valley.be\/fr\/manger-boire\/","url":"https:\/\/achouffe-valley.be\/fr\/manger-boire\/","name":"Restaurant \u00e0 Houffalize | Restauration & Boissons | Achouffe Valley","isPartOf":{"@id":"https:\/\/achouffe-valley.be\/fr\/#website"},"datePublished":"2024-05-24T13:07:23+00:00","dateModified":"2026-03-27T12:11:29+00:00","description":"Vous cherchez un restaurant \u00e0 Houffalize ? Profitez chez Achouffe Valley de plats savoureux, de sp\u00e9cialit\u00e9s locales et d\u2019une ambiance chaleureuse et accueillante.","breadcrumb":{"@id":"https:\/\/achouffe-valley.be\/fr\/manger-boire\/#breadcrumb"},"inLanguage":"fr-FR","potentialAction":[{"@type":"ReadAction","target":["https:\/\/achouffe-valley.be\/fr\/manger-boire\/"]}]},{"@type":"BreadcrumbList","@id":"https:\/\/achouffe-valley.be\/fr\/manger-boire\/#breadcrumb","itemListElement":[{"@type":"ListItem","position":1,"name":"Home","item":"https:\/\/achouffe-valley.be\/fr\/"},{"@type":"ListItem","position":2,"name":"Restaurant \u00e0 Houffalize"}]},{"@type":"WebSite","@id":"https:\/\/achouffe-valley.be\/fr\/#website","url":"https:\/\/achouffe-valley.be\/fr\/","name":"Achouffe Valley","description":"Hotel Restaurant Activiteiten","publisher":{"@id":"https:\/\/achouffe-valley.be\/fr\/#organization"},"potentialAction":[{"@type":"SearchAction","target":{"@type":"EntryPoint","urlTemplate":"https:\/\/achouffe-valley.be\/fr\/?s={search_term_string}"},"query-input":{"@type":"PropertyValueSpecification","valueRequired":true,"valueName":"search_term_string"}}],"inLanguage":"fr-FR"},{"@type":"Organization","@id":"https:\/\/achouffe-valley.be\/fr\/#organization","name":"Achouffe Valley","url":"https:\/\/achouffe-valley.be\/fr\/","logo":{"@type":"ImageObject","inLanguage":"fr-FR","@id":"https:\/\/achouffe-valley.be\/fr\/#\/schema\/logo\/image\/","url":"https:\/\/achouffe-valley.be\/wp-content\/uploads\/2024\/04\/logo-achouffe-valley-full.png","contentUrl":"https:\/\/achouffe-valley.be\/wp-content\/uploads\/2024\/04\/logo-achouffe-valley-full.png","width":500,"height":500,"caption":"Achouffe Valley"},"image":{"@id":"https:\/\/achouffe-valley.be\/fr\/#\/schema\/logo\/image\/"},"sameAs":["https:\/\/www.facebook.com\/achouffevalley","https:\/\/www.instagram.com\/achouffe.valley\/"]}]}},"_links":{"self":[{"href":"https:\/\/achouffe-valley.be\/fr\/wp-json\/wp\/v2\/pages\/6360","targetHints":{"allow":["GET"]}}],"collection":[{"href":"https:\/\/achouffe-valley.be\/fr\/wp-json\/wp\/v2\/pages"}],"about":[{"href":"https:\/\/achouffe-valley.be\/fr\/wp-json\/wp\/v2\/types\/page"}],"author":[{"embeddable":true,"href":"https:\/\/achouffe-valley.be\/fr\/wp-json\/wp\/v2\/users\/2"}],"replies":[{"embeddable":true,"href":"https:\/\/achouffe-valley.be\/fr\/wp-json\/wp\/v2\/comments?post=6360"}],"version-history":[{"count":24,"href":"https:\/\/achouffe-valley.be\/fr\/wp-json\/wp\/v2\/pages\/6360\/revisions"}],"predecessor-version":[{"id":6700,"href":"https:\/\/achouffe-valley.be\/fr\/wp-json\/wp\/v2\/pages\/6360\/revisions\/6700"}],"wp:attachment":[{"href":"https:\/\/achouffe-valley.be\/fr\/wp-json\/wp\/v2\/media?parent=6360"}],"curies":[{"name":"wp","href":"https:\/\/api.w.org\/{rel}","templated":true}]}}