{"id":6369,"date":"2024-05-27T12:02:04","date_gmt":"2024-05-27T12:02:04","guid":{"rendered":"https:\/\/achouffe-valley.be\/overnachten\/"},"modified":"2026-02-16T10:49:50","modified_gmt":"2026-02-16T10:49:50","slug":"sejourner","status":"publish","type":"page","link":"https:\/\/achouffe-valley.be\/fr\/sejourner\/","title":{"rendered":"S\u00e9journer \u00e0 Houffalize"},"content":{"rendered":"\t\t<div data-elementor-type=\"wp-page\" data-elementor-id=\"6369\" class=\"elementor elementor-6369 elementor-5137\">\n\t\t\t\t<div class=\"elementor-element elementor-element-47df714 e-flex e-con-boxed e-con e-parent\" data-id=\"47df714\" data-element_type=\"container\">\n\t\t\t\t\t<div class=\"e-con-inner\">\n\t\t<div class=\"elementor-element elementor-element-7eec5f8 e-con-full e-flex e-con e-child\" data-id=\"7eec5f8\" data-element_type=\"container\" data-settings=\"{&quot;background_background&quot;:&quot;classic&quot;}\">\n\t\t\t\t<div class=\"elementor-element elementor-element-8f8a8cb elementor-widget elementor-widget-spacer\" data-id=\"8f8a8cb\" data-element_type=\"widget\" data-widget_type=\"spacer.default\">\n\t\t\t\t<div class=\"elementor-widget-container\">\n\t\t\t\t\t\t\t<div class=\"elementor-spacer\">\n\t\t\t<div class=\"elementor-spacer-inner\"><\/div>\n\t\t<\/div>\n\t\t\t\t\t\t<\/div>\n\t\t\t\t<\/div>\n\t\t\t\t<\/div>\n\t\t<div class=\"elementor-element elementor-element-77a561f e-con-full e-flex e-con e-child\" data-id=\"77a561f\" data-element_type=\"container\">\n\t\t\t\t<div class=\"elementor-element elementor-element-bbc9ef1 elementor-widget elementor-widget-eltdf_section_title\" data-id=\"bbc9ef1\" data-element_type=\"widget\" data-widget_type=\"eltdf_section_title.default\">\n\t\t\t\t<div class=\"elementor-widget-container\">\n\t\t\t\t\t<div class=\"eltdf-section-title-holder    \" style=\"text-align: left\">\n\t<div class=\"eltdf-st-inner\">\n        \t\t            <div class=\"eltdf-st-title-holder\">\n                                    <div class=\"decor\"><svg xmlns=\"http:\/\/www.w3.org\/2000\/svg\" width=\"41.125\" height=\"9.146\">\n                            <path fill=\"none\" stroke=\"#9C7C57\" stroke-miterlimit=\"10\" d=\"M40.881 8.576L20.562.591.244 8.576\"\/>\n                            <path fill=\"none\" stroke=\"#9C7C57\" stroke-miterlimit=\"10\" d=\"M40.881.591L20.562 8.576.243.591\"\/>\n                        <\/svg><\/div>\n                                <h2 class=\"eltdf-st-title\" >\n                    S\u00e9journer \u00e0 l\u2019H\u00f4tel Houffalize                <\/h2>\n                                    <div class=\"decor\"><svg xmlns=\"http:\/\/www.w3.org\/2000\/svg\" width=\"41.125\" height=\"9.146\">\n                            <path fill=\"none\" stroke=\"#9C7C57\" stroke-miterlimit=\"10\" d=\"M40.881 8.576L20.562.591.244 8.576\"\/>\n                            <path fill=\"none\" stroke=\"#9C7C57\" stroke-miterlimit=\"10\" d=\"M40.881.591L20.562 8.576.243.591\"\/>\n                        <\/svg><\/div>\n                            <\/div>\n\t\t\t\t\t\t\t<\/div>\n<\/div>\t\t\t\t<\/div>\n\t\t\t\t<\/div>\n\t\t\t\t<div class=\"elementor-element elementor-element-f7b295e elementor-widget elementor-widget-text-editor\" data-id=\"f7b295e\" data-element_type=\"widget\" data-widget_type=\"text-editor.default\">\n\t\t\t\t<div class=\"elementor-widget-container\">\n\t\t\t\t\t\t\t\t\t<p>Un s\u00e9jour d\u00e9tendu et convivial, c&rsquo;est notre devise. Notre h\u00f4tel-restaurant enti\u00e8rement r\u00e9nov\u00e9, situ\u00e9 au c\u0153ur des Ardennes pr\u00e8s d&rsquo;Houffalize, fera de votre s\u00e9jour un fantastique souvenir.<\/p><p>Notre \u00e9tablissement Achouffe Valley se trouve au sommet de la colline du village d&rsquo;Achouffe (connu pour la bi\u00e8re La Chouffe).<br \/>Nous sommes les seuls de la r\u00e9gion \u00e0 offrir cette vue panoramique splendide, avec aussi bien un h\u00f4tel, un restaurant avec une grande terrasse et des activit\u00e9s originales.<\/p><p>L&rsquo;h\u00f4tel dispose d\u00e9sormais de 6 nouvelles chambres doubles (\u00e9v. pour plus de personnes) qui sont conviviales et meubl\u00e9es avec go\u00fbt. Nous avons opt\u00e9 de donner \u00e0 chacune de nos 6 chambres une ambiance diff\u00e9rente.<\/p><p>Nos chambres sont r\u00e9serv\u00e9es <strong>avec un petit-d\u00e9jeuner buffet copieux inclus (de 08h30 \u00e0 10h00)<\/strong>.<\/p><p>Cependant, nous vous offrons les commodit\u00e9s suivantes dans toutes les chambres:<\/p><ul><li>Wi-Fi gratuit<\/li><li>\u00c9quipements pour le th\u00e9<\/li><li>1X petit mini-bar (\u00e0 votre arriv\u00e9e pendant votre s\u00e9jour) : canette de La Chouffe, petite bouteille de vin blanc, sachet de noix et 2 bouteilles d\u2019eau plate<\/li><li>T\u00e9l\u00e9vision<\/li><li>Coin salon confortable<\/li><li>Articles de toilette<\/li><li>S\u00e8che-cheveux<\/li><li>Possibilit\u00e9s de repassage<\/li><\/ul><p><span style=\"text-decoration: underline;\"><strong>Animaux de compagnie<\/strong><\/span><\/p><p>Nous comprenons que votre compagnon \u00e0 quatre pattes fait partie de votre foyer, mais nous ne l&rsquo;autorisons pas dans nos chambres. Il est le bienvenu sur notre terrasse et dans notre v\u00e9randa, mais pas dans nos chambres.<\/p>\t\t\t\t\t\t\t\t<\/div>\n\t\t\t\t<\/div>\n\t\t\t\t<div class=\"elementor-element elementor-element-4c79288 elementor-widget__width-auto button-zwart elementor-widget elementor-widget-eltdf_button\" data-id=\"4c79288\" data-element_type=\"widget\" data-widget_type=\"eltdf_button.default\">\n\t\t\t\t<div class=\"elementor-widget-container\">\n\t\t\t\t\t<a itemprop=\"url\" href=\"\/fr\/contact\/\" target=\"_self\" style=\"color: #000000\" class=\"eltdf-btn eltdf-btn-medium eltdf-btn-outline eltdf-btn-custom-hover-color button-zwart\" data-hover-color=\"#000000\" 0=\"color: #000000\">\n        <span class=\"eltdf-btn-text\">Contact<\/span>\n        <\/a>\t\t\t\t<\/div>\n\t\t\t\t<\/div>\n\t\t\t\t<div class=\"elementor-element elementor-element-e5c1537 elementor-widget__width-auto button-zwart elementor-widget elementor-widget-eltdf_button\" data-id=\"e5c1537\" data-element_type=\"widget\" data-widget_type=\"eltdf_button.default\">\n\t\t\t\t<div class=\"elementor-widget-container\">\n\t\t\t\t\t<a itemprop=\"url\" href=\"https:\/\/reservations.cubilis.eu\/achouffe-valley-houffalize?Language=fr-FR\" target=\"_blank\" style=\"color: #000000\" class=\"eltdf-btn eltdf-btn-medium eltdf-btn-outline eltdf-btn-custom-hover-color button-zwart\" data-hover-color=\"#000000\" 0=\"color: #000000\">\n        <span class=\"eltdf-btn-text\">R\u00c9SERVEZ UNE CHAMBRE<\/span>\n        <\/a>\t\t\t\t<\/div>\n\t\t\t\t<\/div>\n\t\t\t\t<\/div>\n\t\t\t\t\t<\/div>\n\t\t\t\t<\/div>\n\t\t\t\t<\/div>\n\t\t","protected":false},"excerpt":{"rendered":"<p>S\u00e9journer \u00e0 l\u2019H\u00f4tel Houffalize Un s\u00e9jour d\u00e9tendu et convivial, c&rsquo;est notre devise. Notre h\u00f4tel-restaurant enti\u00e8rement r\u00e9nov\u00e9, situ\u00e9 au c\u0153ur des Ardennes pr\u00e8s d&rsquo;Houffalize, fera de votre s\u00e9jour un fantastique souvenir. Notre \u00e9tablissement Achouffe Valley se trouve au sommet de la colline du village d&rsquo;Achouffe (connu pour la bi\u00e8re La Chouffe).Nous sommes les seuls de la r\u00e9gion \u00e0 offrir cette vue [&hellip;]<\/p>\n","protected":false},"author":2,"featured_media":0,"parent":0,"menu_order":0,"comment_status":"closed","ping_status":"closed","template":"full-width.php","meta":{"_monsterinsights_skip_tracking":false,"_monsterinsights_sitenote_active":false,"_monsterinsights_sitenote_note":"","_monsterinsights_sitenote_category":0,"footnotes":""},"class_list":["post-6369","page","type-page","status-publish","hentry"],"yoast_head":"<!-- This site is optimized with the Yoast SEO plugin v26.6 - https:\/\/yoast.com\/wordpress\/plugins\/seo\/ -->\n<title>S\u00e9journer \u00e0 Houffalize | H\u00f4tel Houffalize | Achouffe Valley<\/title>\n<meta name=\"description\" content=\"Vous cherchez un h\u00f4tel \u00e0 Houffalize ? Achouffe Valley propose des chambres confortables au c\u0153ur des Ardennes. Parfait pour la randonn\u00e9e, le v\u00e9lo et se d\u00e9tendre en pleine nature.\" \/>\n<meta name=\"robots\" content=\"index, follow, max-snippet:-1, max-image-preview:large, max-video-preview:-1\" \/>\n<link rel=\"canonical\" href=\"https:\/\/achouffe-valley.be\/fr\/sejourner\/\" \/>\n<meta property=\"og:locale\" content=\"fr_FR\" \/>\n<meta property=\"og:type\" content=\"article\" \/>\n<meta property=\"og:title\" content=\"S\u00e9journer \u00e0 Houffalize | H\u00f4tel Houffalize | Achouffe Valley\" \/>\n<meta property=\"og:description\" content=\"Vous cherchez un h\u00f4tel \u00e0 Houffalize ? Achouffe Valley propose des chambres confortables au c\u0153ur des Ardennes. Parfait pour la randonn\u00e9e, le v\u00e9lo et se d\u00e9tendre en pleine nature.\" \/>\n<meta property=\"og:url\" content=\"https:\/\/achouffe-valley.be\/fr\/sejourner\/\" \/>\n<meta property=\"og:site_name\" content=\"Achouffe Valley\" \/>\n<meta property=\"article:publisher\" content=\"https:\/\/www.facebook.com\/achouffevalley\" \/>\n<meta property=\"article:modified_time\" content=\"2026-02-16T10:49:50+00:00\" \/>\n<meta property=\"og:image\" content=\"https:\/\/achouffe-valley.be\/wp-content\/uploads\/2024\/04\/img-achouffe-valley-panorama-dakterras.jpg\" \/>\n\t<meta property=\"og:image:width\" content=\"1800\" \/>\n\t<meta property=\"og:image:height\" content=\"1202\" \/>\n\t<meta property=\"og:image:type\" content=\"image\/jpeg\" \/>\n<meta name=\"twitter:card\" content=\"summary_large_image\" \/>\n<meta name=\"twitter:label1\" content=\"Dur\u00e9e de lecture estim\u00e9e\" \/>\n\t<meta name=\"twitter:data1\" content=\"2 minutes\" \/>\n<script type=\"application\/ld+json\" class=\"yoast-schema-graph\">{\"@context\":\"https:\/\/schema.org\",\"@graph\":[{\"@type\":\"WebPage\",\"@id\":\"https:\/\/achouffe-valley.be\/fr\/sejourner\/\",\"url\":\"https:\/\/achouffe-valley.be\/fr\/sejourner\/\",\"name\":\"S\u00e9journer \u00e0 Houffalize | H\u00f4tel Houffalize | Achouffe Valley\",\"isPartOf\":{\"@id\":\"https:\/\/achouffe-valley.be\/fr\/#website\"},\"datePublished\":\"2024-05-27T12:02:04+00:00\",\"dateModified\":\"2026-02-16T10:49:50+00:00\",\"description\":\"Vous cherchez un h\u00f4tel \u00e0 Houffalize ? Achouffe Valley propose des chambres confortables au c\u0153ur des Ardennes. Parfait pour la randonn\u00e9e, le v\u00e9lo et se d\u00e9tendre en pleine nature.\",\"breadcrumb\":{\"@id\":\"https:\/\/achouffe-valley.be\/fr\/sejourner\/#breadcrumb\"},\"inLanguage\":\"fr-FR\",\"potentialAction\":[{\"@type\":\"ReadAction\",\"target\":[\"https:\/\/achouffe-valley.be\/fr\/sejourner\/\"]}]},{\"@type\":\"BreadcrumbList\",\"@id\":\"https:\/\/achouffe-valley.be\/fr\/sejourner\/#breadcrumb\",\"itemListElement\":[{\"@type\":\"ListItem\",\"position\":1,\"name\":\"Home\",\"item\":\"https:\/\/achouffe-valley.be\/fr\/\"},{\"@type\":\"ListItem\",\"position\":2,\"name\":\"S\u00e9journer \u00e0 Houffalize\"}]},{\"@type\":\"WebSite\",\"@id\":\"https:\/\/achouffe-valley.be\/fr\/#website\",\"url\":\"https:\/\/achouffe-valley.be\/fr\/\",\"name\":\"Achouffe Valley\",\"description\":\"Hotel Restaurant Activiteiten\",\"publisher\":{\"@id\":\"https:\/\/achouffe-valley.be\/fr\/#organization\"},\"potentialAction\":[{\"@type\":\"SearchAction\",\"target\":{\"@type\":\"EntryPoint\",\"urlTemplate\":\"https:\/\/achouffe-valley.be\/fr\/?s={search_term_string}\"},\"query-input\":{\"@type\":\"PropertyValueSpecification\",\"valueRequired\":true,\"valueName\":\"search_term_string\"}}],\"inLanguage\":\"fr-FR\"},{\"@type\":\"Organization\",\"@id\":\"https:\/\/achouffe-valley.be\/fr\/#organization\",\"name\":\"Achouffe Valley\",\"url\":\"https:\/\/achouffe-valley.be\/fr\/\",\"logo\":{\"@type\":\"ImageObject\",\"inLanguage\":\"fr-FR\",\"@id\":\"https:\/\/achouffe-valley.be\/fr\/#\/schema\/logo\/image\/\",\"url\":\"https:\/\/achouffe-valley.be\/wp-content\/uploads\/2024\/04\/logo-achouffe-valley-full.png\",\"contentUrl\":\"https:\/\/achouffe-valley.be\/wp-content\/uploads\/2024\/04\/logo-achouffe-valley-full.png\",\"width\":500,\"height\":500,\"caption\":\"Achouffe Valley\"},\"image\":{\"@id\":\"https:\/\/achouffe-valley.be\/fr\/#\/schema\/logo\/image\/\"},\"sameAs\":[\"https:\/\/www.facebook.com\/achouffevalley\",\"https:\/\/www.instagram.com\/achouffe.valley\/\"]}]}<\/script>\n<!-- \/ Yoast SEO plugin. -->","yoast_head_json":{"title":"S\u00e9journer \u00e0 Houffalize | H\u00f4tel Houffalize | Achouffe Valley","description":"Vous cherchez un h\u00f4tel \u00e0 Houffalize ? Achouffe Valley propose des chambres confortables au c\u0153ur des Ardennes. Parfait pour la randonn\u00e9e, le v\u00e9lo et se d\u00e9tendre en pleine nature.","robots":{"index":"index","follow":"follow","max-snippet":"max-snippet:-1","max-image-preview":"max-image-preview:large","max-video-preview":"max-video-preview:-1"},"canonical":"https:\/\/achouffe-valley.be\/fr\/sejourner\/","og_locale":"fr_FR","og_type":"article","og_title":"S\u00e9journer \u00e0 Houffalize | H\u00f4tel Houffalize | Achouffe Valley","og_description":"Vous cherchez un h\u00f4tel \u00e0 Houffalize ? Achouffe Valley propose des chambres confortables au c\u0153ur des Ardennes. Parfait pour la randonn\u00e9e, le v\u00e9lo et se d\u00e9tendre en pleine nature.","og_url":"https:\/\/achouffe-valley.be\/fr\/sejourner\/","og_site_name":"Achouffe Valley","article_publisher":"https:\/\/www.facebook.com\/achouffevalley","article_modified_time":"2026-02-16T10:49:50+00:00","og_image":[{"width":1800,"height":1202,"url":"https:\/\/achouffe-valley.be\/wp-content\/uploads\/2024\/04\/img-achouffe-valley-panorama-dakterras.jpg","type":"image\/jpeg"}],"twitter_card":"summary_large_image","twitter_misc":{"Dur\u00e9e de lecture estim\u00e9e":"2 minutes"},"schema":{"@context":"https:\/\/schema.org","@graph":[{"@type":"WebPage","@id":"https:\/\/achouffe-valley.be\/fr\/sejourner\/","url":"https:\/\/achouffe-valley.be\/fr\/sejourner\/","name":"S\u00e9journer \u00e0 Houffalize | H\u00f4tel Houffalize | Achouffe Valley","isPartOf":{"@id":"https:\/\/achouffe-valley.be\/fr\/#website"},"datePublished":"2024-05-27T12:02:04+00:00","dateModified":"2026-02-16T10:49:50+00:00","description":"Vous cherchez un h\u00f4tel \u00e0 Houffalize ? Achouffe Valley propose des chambres confortables au c\u0153ur des Ardennes. Parfait pour la randonn\u00e9e, le v\u00e9lo et se d\u00e9tendre en pleine nature.","breadcrumb":{"@id":"https:\/\/achouffe-valley.be\/fr\/sejourner\/#breadcrumb"},"inLanguage":"fr-FR","potentialAction":[{"@type":"ReadAction","target":["https:\/\/achouffe-valley.be\/fr\/sejourner\/"]}]},{"@type":"BreadcrumbList","@id":"https:\/\/achouffe-valley.be\/fr\/sejourner\/#breadcrumb","itemListElement":[{"@type":"ListItem","position":1,"name":"Home","item":"https:\/\/achouffe-valley.be\/fr\/"},{"@type":"ListItem","position":2,"name":"S\u00e9journer \u00e0 Houffalize"}]},{"@type":"WebSite","@id":"https:\/\/achouffe-valley.be\/fr\/#website","url":"https:\/\/achouffe-valley.be\/fr\/","name":"Achouffe Valley","description":"Hotel Restaurant Activiteiten","publisher":{"@id":"https:\/\/achouffe-valley.be\/fr\/#organization"},"potentialAction":[{"@type":"SearchAction","target":{"@type":"EntryPoint","urlTemplate":"https:\/\/achouffe-valley.be\/fr\/?s={search_term_string}"},"query-input":{"@type":"PropertyValueSpecification","valueRequired":true,"valueName":"search_term_string"}}],"inLanguage":"fr-FR"},{"@type":"Organization","@id":"https:\/\/achouffe-valley.be\/fr\/#organization","name":"Achouffe Valley","url":"https:\/\/achouffe-valley.be\/fr\/","logo":{"@type":"ImageObject","inLanguage":"fr-FR","@id":"https:\/\/achouffe-valley.be\/fr\/#\/schema\/logo\/image\/","url":"https:\/\/achouffe-valley.be\/wp-content\/uploads\/2024\/04\/logo-achouffe-valley-full.png","contentUrl":"https:\/\/achouffe-valley.be\/wp-content\/uploads\/2024\/04\/logo-achouffe-valley-full.png","width":500,"height":500,"caption":"Achouffe Valley"},"image":{"@id":"https:\/\/achouffe-valley.be\/fr\/#\/schema\/logo\/image\/"},"sameAs":["https:\/\/www.facebook.com\/achouffevalley","https:\/\/www.instagram.com\/achouffe.valley\/"]}]}},"_links":{"self":[{"href":"https:\/\/achouffe-valley.be\/fr\/wp-json\/wp\/v2\/pages\/6369","targetHints":{"allow":["GET"]}}],"collection":[{"href":"https:\/\/achouffe-valley.be\/fr\/wp-json\/wp\/v2\/pages"}],"about":[{"href":"https:\/\/achouffe-valley.be\/fr\/wp-json\/wp\/v2\/types\/page"}],"author":[{"embeddable":true,"href":"https:\/\/achouffe-valley.be\/fr\/wp-json\/wp\/v2\/users\/2"}],"replies":[{"embeddable":true,"href":"https:\/\/achouffe-valley.be\/fr\/wp-json\/wp\/v2\/comments?post=6369"}],"version-history":[{"count":33,"href":"https:\/\/achouffe-valley.be\/fr\/wp-json\/wp\/v2\/pages\/6369\/revisions"}],"predecessor-version":[{"id":6679,"href":"https:\/\/achouffe-valley.be\/fr\/wp-json\/wp\/v2\/pages\/6369\/revisions\/6679"}],"wp:attachment":[{"href":"https:\/\/achouffe-valley.be\/fr\/wp-json\/wp\/v2\/media?parent=6369"}],"curies":[{"name":"wp","href":"https:\/\/api.w.org\/{rel}","templated":true}]}}