{"id":6388,"date":"2024-05-24T13:43:14","date_gmt":"2024-05-24T13:43:14","guid":{"rendered":"https:\/\/achouffe-valley.be\/tips\/"},"modified":"2024-11-06T09:07:25","modified_gmt":"2024-11-06T09:07:25","slug":"recommandations","status":"publish","type":"page","link":"https:\/\/achouffe-valley.be\/fr\/recommandations\/","title":{"rendered":"Recommandations"},"content":{"rendered":"\t\t<div data-elementor-type=\"wp-page\" data-elementor-id=\"6388\" class=\"elementor elementor-6388 elementor-5026\">\n\t\t\t\t<div class=\"elementor-element elementor-element-b808233 e-flex e-con-boxed e-con e-parent\" data-id=\"b808233\" data-element_type=\"container\">\n\t\t\t\t\t<div class=\"e-con-inner\">\n\t\t<div class=\"elementor-element elementor-element-8a2faa1 e-con-full e-flex e-con e-child\" data-id=\"8a2faa1\" data-element_type=\"container\">\n\t\t\t\t<div class=\"elementor-element elementor-element-04c8a52 elementor-widget elementor-widget-eltdf_section_title\" data-id=\"04c8a52\" data-element_type=\"widget\" data-widget_type=\"eltdf_section_title.default\">\n\t\t\t\t<div class=\"elementor-widget-container\">\n\t\t\t\t\t<div class=\"eltdf-section-title-holder    \" style=\"text-align: center\">\n\t<div class=\"eltdf-st-inner\">\n        \t\t            <div class=\"eltdf-st-title-holder\">\n                                    <div class=\"decor\"><svg xmlns=\"http:\/\/www.w3.org\/2000\/svg\" width=\"41.125\" height=\"9.146\">\n                            <path fill=\"none\" stroke=\"#9C7C57\" stroke-miterlimit=\"10\" d=\"M40.881 8.576L20.562.591.244 8.576\"\/>\n                            <path fill=\"none\" stroke=\"#9C7C57\" stroke-miterlimit=\"10\" d=\"M40.881.591L20.562 8.576.243.591\"\/>\n                        <\/svg><\/div>\n                                <h2 class=\"eltdf-st-title\" >\n                    LES RECOMMANDATIONS D'ACHOUFFE VALLEY                <\/h2>\n                                    <div class=\"decor\"><svg xmlns=\"http:\/\/www.w3.org\/2000\/svg\" width=\"41.125\" height=\"9.146\">\n                            <path fill=\"none\" stroke=\"#9C7C57\" stroke-miterlimit=\"10\" d=\"M40.881 8.576L20.562.591.244 8.576\"\/>\n                            <path fill=\"none\" stroke=\"#9C7C57\" stroke-miterlimit=\"10\" d=\"M40.881.591L20.562 8.576.243.591\"\/>\n                        <\/svg><\/div>\n                            <\/div>\n\t\t\t\t\t\t\t<\/div>\n<\/div>\t\t\t\t<\/div>\n\t\t\t\t<\/div>\n\t\t\t\t<div class=\"elementor-element elementor-element-184dcb6 tip-blok eael-infobox-shape-square eael-infobox-hover-img-shape-square elementor-widget elementor-widget-eael-info-box\" data-id=\"184dcb6\" data-element_type=\"widget\" data-widget_type=\"eael-info-box.default\">\n\t\t\t\t<div class=\"elementor-widget-container\">\n\t\t\t\t\t        <div class=\"eael-infobox icon-on-left\">\n\t            <div class=\"infobox-icon\">\n\n                            <img decoding=\"async\" src=\"https:\/\/achouffe-valley.be\/wp-content\/uploads\/2024\/05\/achouffe-valley-tips-brasserie-d-achouffe-300x273.webp\" alt=\"\">\n            \n            \n            \n        <\/div>\n            <div class=\"infobox-content\">\n                    <div class=\"infobox-title-section\">\n                <h2 class=\"title\">BRASSERIE D'ACHOUFFE<\/h2>            <\/div>\n            <div><p>Une visite \u00e0 Achouffe m\u00e9rite \u00e9videmment une visite \u00e0 la brasserie de la c\u00e9l\u00e8bre bi\u00e8re La Chouffe.<br \/>R\u00e9servez une visite, visitez la boutique de souvenirs et rencontrez les lutins.<\/p><p><a class=\"eltdf-btn eltdf-btn-medium eltdf-btn-outline eltdf-btn-custom-hover-color button-zwart\" style=\"color: #000000;\" href=\"https:\/\/chouffe.com\/\" target=\"_blank\" rel=\"noopener\" data-hover-color=\"#000000\"><span class=\"eltdf-btn-text\">Brasserie D&rsquo;Achouffe<\/span><br \/><\/a><\/p><\/div>        <\/div>\n            <\/div>\n\n\t\t\t\t\t\t<\/div>\n\t\t\t\t<\/div>\n\t\t\t\t<div class=\"elementor-element elementor-element-94fa798 elementor-widget elementor-widget-eltdf_separator\" data-id=\"94fa798\" data-element_type=\"widget\" data-widget_type=\"eltdf_separator.default\">\n\t\t\t\t<div class=\"elementor-widget-container\">\n\t\t\t\t\t<div class=\"eltdf-separator-holder clearfix   eltdf-separator-full-width\">\n\t<div class=\"eltdf-separator\" style=\"width: px\"><\/div>\n<\/div>\n\t\t\t\t<\/div>\n\t\t\t\t<\/div>\n\t\t\t\t<div class=\"elementor-element elementor-element-8f67486 tip-blok  eael-infobox-shape-square eael-infobox-hover-img-shape-square elementor-widget elementor-widget-eael-info-box\" data-id=\"8f67486\" data-element_type=\"widget\" data-widget_type=\"eael-info-box.default\">\n\t\t\t\t<div class=\"elementor-widget-container\">\n\t\t\t\t\t        <div class=\"eael-infobox icon-on-left\">\n\t            <div class=\"infobox-icon\">\n\n                            <img decoding=\"async\" src=\"https:\/\/achouffe-valley.be\/wp-content\/uploads\/2024\/05\/achouffe-valley-tips-houffalize-300x273.webp\" alt=\"\">\n            \n            \n            \n        <\/div>\n            <div class=\"infobox-content\">\n                    <div class=\"infobox-title-section\">\n                <h2 class=\"title\">HOUFFALIZE<\/h2>            <\/div>\n            <div><p>\u00c0 quelques kilom\u00e8tres seulement, vous trouverez la ville pittoresque d&rsquo;Houffalize, situ\u00e9e dans la vall\u00e9e de l&rsquo;Ourthe. Houffalize est aussi appel\u00e9e le paradis du VTT.<\/p><p>Vous y trouverez plusieurs terrasses conviviales et quelques magasins.<\/p><p><a class=\"eltdf-btn eltdf-btn-medium eltdf-btn-outline eltdf-btn-custom-hover-color button-zwart\" style=\"color: #000000;\" href=\"https:\/\/www.houffalize.be\/\" target=\"_blank\" rel=\"noopener\" data-hover-color=\"#000000\"><span class=\"eltdf-btn-text\">Houffalize<\/span><\/a><\/p><\/div>        <\/div>\n            <\/div>\n\n\t\t\t\t\t\t<\/div>\n\t\t\t\t<\/div>\n\t\t\t\t<div class=\"elementor-element elementor-element-60013b4 elementor-widget elementor-widget-eltdf_separator\" data-id=\"60013b4\" data-element_type=\"widget\" data-widget_type=\"eltdf_separator.default\">\n\t\t\t\t<div class=\"elementor-widget-container\">\n\t\t\t\t\t<div class=\"eltdf-separator-holder clearfix   eltdf-separator-full-width\">\n\t<div class=\"eltdf-separator\" style=\"width: px\"><\/div>\n<\/div>\n\t\t\t\t<\/div>\n\t\t\t\t<\/div>\n\t\t\t\t<div class=\"elementor-element elementor-element-b9f7bd6 tip-blok  eael-infobox-shape-square eael-infobox-hover-img-shape-square elementor-widget elementor-widget-eael-info-box\" data-id=\"b9f7bd6\" data-element_type=\"widget\" data-widget_type=\"eael-info-box.default\">\n\t\t\t\t<div class=\"elementor-widget-container\">\n\t\t\t\t\t        <div class=\"eael-infobox icon-on-left\">\n\t            <div class=\"infobox-icon\">\n\n                            <img decoding=\"async\" src=\"https:\/\/achouffe-valley.be\/wp-content\/uploads\/2024\/05\/achouffe-valley-tips-mountainbike-houffalize.webp\" alt=\"\">\n            \n            \n            \n        <\/div>\n            <div class=\"infobox-content\">\n                    <div class=\"infobox-title-section\">\n                <h2 class=\"title\">VTT HOUFFALIZE<\/h2>            <\/div>\n            <div><p>La r\u00e9gion d&rsquo;Achouffe et d&rsquo;Houffalize est appel\u00e9e \u00e0 juste titre la Mecque du VTT en Europe. Louez un VTT et d\u00e9couvrez les itin\u00e9raires VTT challengeants que les Ardennes ont \u00e0 offrir.<\/p><p>Houffalize, le paradis du VTT vous souhaite le bienvenu.<\/p><p><a class=\"eltdf-btn eltdf-btn-medium eltdf-btn-outline eltdf-btn-custom-hover-color button-zwart\" style=\"color: #000000;\" href=\"https:\/\/www.visitardenne.com\/fr\/le-meilleur-de-lardenne\/velo\" target=\"_blank\" rel=\"noopener\" data-hover-color=\"#000000\"><span class=\"eltdf-btn-text\">VTT HOUFFALIZE\u00a0<\/span><\/a><\/p><\/div>        <\/div>\n            <\/div>\n\n\t\t\t\t\t\t<\/div>\n\t\t\t\t<\/div>\n\t\t\t\t<div class=\"elementor-element elementor-element-3ee65b1 elementor-widget elementor-widget-eltdf_separator\" data-id=\"3ee65b1\" data-element_type=\"widget\" data-widget_type=\"eltdf_separator.default\">\n\t\t\t\t<div class=\"elementor-widget-container\">\n\t\t\t\t\t<div class=\"eltdf-separator-holder clearfix   eltdf-separator-full-width\">\n\t<div class=\"eltdf-separator\" style=\"width: px\"><\/div>\n<\/div>\n\t\t\t\t<\/div>\n\t\t\t\t<\/div>\n\t\t\t\t<div class=\"elementor-element elementor-element-f1d1dfc tip-blok eael-infobox-shape-square eael-infobox-hover-img-shape-square elementor-widget elementor-widget-eael-info-box\" data-id=\"f1d1dfc\" data-element_type=\"widget\" data-widget_type=\"eael-info-box.default\">\n\t\t\t\t<div class=\"elementor-widget-container\">\n\t\t\t\t\t        <div class=\"eael-infobox icon-on-left\">\n\t            <div class=\"infobox-icon\">\n\n                            <img decoding=\"async\" src=\"https:\/\/achouffe-valley.be\/wp-content\/uploads\/2024\/05\/achouffe-valley-tips-grotten-remouchamps.webp\" alt=\"\">\n            \n            \n            \n        <\/div>\n            <div class=\"infobox-content\">\n                    <div class=\"infobox-title-section\">\n                <h2 class=\"title\">GROTTES DE REMOUCHAMPS<\/h2>            <\/div>\n            <div><p>Les grottes souterraines de Remouchamps sont vraiment un incontournable. Vous pouvez visiter ces grottes profondes avec un guide.<\/p><p>La visite se termine avec un tour en bateau sous la terre, sur l&rsquo;eau de source.<\/p><p><a class=\"eltdf-btn eltdf-btn-medium eltdf-btn-outline eltdf-btn-custom-hover-color button-zwart\" style=\"color: #000000;\" href=\"https:\/\/www.visitardenne.com\/fr\/le-meilleur-de-lardenne\/sites-emblematiques\/les-grottes-de-han\/toutes-les-grottes-de-lardenne\" target=\"_blank\" rel=\"noopener\" data-hover-color=\"#000000\"><span class=\"eltdf-btn-text\">GROTTES DE REMOUCHAMPS<\/span><\/a><\/p><\/div>        <\/div>\n            <\/div>\n\n\t\t\t\t\t\t<\/div>\n\t\t\t\t<\/div>\n\t\t\t\t<\/div>\n\t\t\t\t\t<\/div>\n\t\t\t\t<\/div>\n\t\t\t\t<\/div>\n\t\t","protected":false},"excerpt":{"rendered":"<p>LES RECOMMANDATIONS D&rsquo;ACHOUFFE VALLEY BRASSERIE D&rsquo;ACHOUFFE Une visite \u00e0 Achouffe m\u00e9rite \u00e9videmment une visite \u00e0 la brasserie de la c\u00e9l\u00e8bre bi\u00e8re La Chouffe.R\u00e9servez une visite, visitez la boutique de souvenirs et rencontrez les lutins. Brasserie D&#8217;Achouffe HOUFFALIZE \u00c0 quelques kilom\u00e8tres seulement, vous trouverez la ville pittoresque d&#8217;Houffalize, situ\u00e9e dans la vall\u00e9e de l&#8217;Ourthe. Houffalize est aussi appel\u00e9e le paradis du [&hellip;]<\/p>\n","protected":false},"author":2,"featured_media":0,"parent":0,"menu_order":0,"comment_status":"closed","ping_status":"closed","template":"full-width.php","meta":{"_monsterinsights_skip_tracking":false,"_monsterinsights_sitenote_active":false,"_monsterinsights_sitenote_note":"","_monsterinsights_sitenote_category":0,"footnotes":""},"class_list":["post-6388","page","type-page","status-publish","hentry"],"yoast_head":"<!-- This site is optimized with the Yoast SEO plugin v26.6 - https:\/\/yoast.com\/wordpress\/plugins\/seo\/ -->\n<title>Recommandations | Achouffe Valley | Activit\u00e9s du restaurant de l\u2019h\u00f4tel<\/title>\n<meta name=\"description\" content=\"Outre Achouffe Valley, notre r\u00e9gion offre encore d&#039;autres beaux endroits qui valent vraiment le d\u00e9tour. D\u00e9couvrez quelques conseils qui rendront votre exp\u00e9rience encore meilleure\u00a0!\" \/>\n<meta name=\"robots\" content=\"index, follow, max-snippet:-1, max-image-preview:large, max-video-preview:-1\" \/>\n<link rel=\"canonical\" href=\"https:\/\/achouffe-valley.be\/fr\/recommandations\/\" \/>\n<meta property=\"og:locale\" content=\"fr_FR\" \/>\n<meta property=\"og:type\" content=\"article\" \/>\n<meta property=\"og:title\" content=\"Recommandations | Achouffe Valley | Activit\u00e9s du restaurant de l\u2019h\u00f4tel\" \/>\n<meta property=\"og:description\" content=\"Outre Achouffe Valley, notre r\u00e9gion offre encore d&#039;autres beaux endroits qui valent vraiment le d\u00e9tour. D\u00e9couvrez quelques conseils qui rendront votre exp\u00e9rience encore meilleure\u00a0!\" \/>\n<meta property=\"og:url\" content=\"https:\/\/achouffe-valley.be\/fr\/recommandations\/\" \/>\n<meta property=\"og:site_name\" content=\"Achouffe Valley\" \/>\n<meta property=\"article:publisher\" content=\"https:\/\/www.facebook.com\/achouffevalley\" \/>\n<meta property=\"article:modified_time\" content=\"2024-11-06T09:07:25+00:00\" \/>\n<meta property=\"og:image\" content=\"https:\/\/achouffe-valley.be\/wp-content\/uploads\/2024\/05\/achouffe-valley-tips-brasserie-d-achouffe-300x273.webp\" \/>\n<meta name=\"twitter:card\" content=\"summary_large_image\" \/>\n<meta name=\"twitter:label1\" content=\"Dur\u00e9e de lecture estim\u00e9e\" \/>\n\t<meta name=\"twitter:data1\" content=\"2 minutes\" \/>\n<script type=\"application\/ld+json\" class=\"yoast-schema-graph\">{\"@context\":\"https:\/\/schema.org\",\"@graph\":[{\"@type\":\"WebPage\",\"@id\":\"https:\/\/achouffe-valley.be\/fr\/recommandations\/\",\"url\":\"https:\/\/achouffe-valley.be\/fr\/recommandations\/\",\"name\":\"Recommandations | Achouffe Valley | Activit\u00e9s du restaurant de l\u2019h\u00f4tel\",\"isPartOf\":{\"@id\":\"https:\/\/achouffe-valley.be\/fr\/#website\"},\"primaryImageOfPage\":{\"@id\":\"https:\/\/achouffe-valley.be\/fr\/recommandations\/#primaryimage\"},\"image\":{\"@id\":\"https:\/\/achouffe-valley.be\/fr\/recommandations\/#primaryimage\"},\"thumbnailUrl\":\"https:\/\/achouffe-valley.be\/wp-content\/uploads\/2024\/05\/achouffe-valley-tips-brasserie-d-achouffe-300x273.webp\",\"datePublished\":\"2024-05-24T13:43:14+00:00\",\"dateModified\":\"2024-11-06T09:07:25+00:00\",\"description\":\"Outre Achouffe Valley, notre r\u00e9gion offre encore d'autres beaux endroits qui valent vraiment le d\u00e9tour. D\u00e9couvrez quelques conseils qui rendront votre exp\u00e9rience encore meilleure\u00a0!\",\"breadcrumb\":{\"@id\":\"https:\/\/achouffe-valley.be\/fr\/recommandations\/#breadcrumb\"},\"inLanguage\":\"fr-FR\",\"potentialAction\":[{\"@type\":\"ReadAction\",\"target\":[\"https:\/\/achouffe-valley.be\/fr\/recommandations\/\"]}]},{\"@type\":\"ImageObject\",\"inLanguage\":\"fr-FR\",\"@id\":\"https:\/\/achouffe-valley.be\/fr\/recommandations\/#primaryimage\",\"url\":\"https:\/\/achouffe-valley.be\/wp-content\/uploads\/2024\/05\/achouffe-valley-tips-brasserie-d-achouffe-300x273.webp\",\"contentUrl\":\"https:\/\/achouffe-valley.be\/wp-content\/uploads\/2024\/05\/achouffe-valley-tips-brasserie-d-achouffe-300x273.webp\"},{\"@type\":\"BreadcrumbList\",\"@id\":\"https:\/\/achouffe-valley.be\/fr\/recommandations\/#breadcrumb\",\"itemListElement\":[{\"@type\":\"ListItem\",\"position\":1,\"name\":\"Home\",\"item\":\"https:\/\/achouffe-valley.be\/fr\/\"},{\"@type\":\"ListItem\",\"position\":2,\"name\":\"Recommandations\"}]},{\"@type\":\"WebSite\",\"@id\":\"https:\/\/achouffe-valley.be\/fr\/#website\",\"url\":\"https:\/\/achouffe-valley.be\/fr\/\",\"name\":\"Achouffe Valley\",\"description\":\"Hotel Restaurant Activiteiten\",\"publisher\":{\"@id\":\"https:\/\/achouffe-valley.be\/fr\/#organization\"},\"potentialAction\":[{\"@type\":\"SearchAction\",\"target\":{\"@type\":\"EntryPoint\",\"urlTemplate\":\"https:\/\/achouffe-valley.be\/fr\/?s={search_term_string}\"},\"query-input\":{\"@type\":\"PropertyValueSpecification\",\"valueRequired\":true,\"valueName\":\"search_term_string\"}}],\"inLanguage\":\"fr-FR\"},{\"@type\":\"Organization\",\"@id\":\"https:\/\/achouffe-valley.be\/fr\/#organization\",\"name\":\"Achouffe Valley\",\"url\":\"https:\/\/achouffe-valley.be\/fr\/\",\"logo\":{\"@type\":\"ImageObject\",\"inLanguage\":\"fr-FR\",\"@id\":\"https:\/\/achouffe-valley.be\/fr\/#\/schema\/logo\/image\/\",\"url\":\"https:\/\/achouffe-valley.be\/wp-content\/uploads\/2024\/04\/logo-achouffe-valley-full.png\",\"contentUrl\":\"https:\/\/achouffe-valley.be\/wp-content\/uploads\/2024\/04\/logo-achouffe-valley-full.png\",\"width\":500,\"height\":500,\"caption\":\"Achouffe Valley\"},\"image\":{\"@id\":\"https:\/\/achouffe-valley.be\/fr\/#\/schema\/logo\/image\/\"},\"sameAs\":[\"https:\/\/www.facebook.com\/achouffevalley\",\"https:\/\/www.instagram.com\/achouffe.valley\/\"]}]}<\/script>\n<!-- \/ Yoast SEO plugin. -->","yoast_head_json":{"title":"Recommandations | Achouffe Valley | Activit\u00e9s du restaurant de l\u2019h\u00f4tel","description":"Outre Achouffe Valley, notre r\u00e9gion offre encore d'autres beaux endroits qui valent vraiment le d\u00e9tour. D\u00e9couvrez quelques conseils qui rendront votre exp\u00e9rience encore meilleure\u00a0!","robots":{"index":"index","follow":"follow","max-snippet":"max-snippet:-1","max-image-preview":"max-image-preview:large","max-video-preview":"max-video-preview:-1"},"canonical":"https:\/\/achouffe-valley.be\/fr\/recommandations\/","og_locale":"fr_FR","og_type":"article","og_title":"Recommandations | Achouffe Valley | Activit\u00e9s du restaurant de l\u2019h\u00f4tel","og_description":"Outre Achouffe Valley, notre r\u00e9gion offre encore d'autres beaux endroits qui valent vraiment le d\u00e9tour. D\u00e9couvrez quelques conseils qui rendront votre exp\u00e9rience encore meilleure\u00a0!","og_url":"https:\/\/achouffe-valley.be\/fr\/recommandations\/","og_site_name":"Achouffe Valley","article_publisher":"https:\/\/www.facebook.com\/achouffevalley","article_modified_time":"2024-11-06T09:07:25+00:00","og_image":[{"url":"https:\/\/achouffe-valley.be\/wp-content\/uploads\/2024\/05\/achouffe-valley-tips-brasserie-d-achouffe-300x273.webp","type":"","width":"","height":""}],"twitter_card":"summary_large_image","twitter_misc":{"Dur\u00e9e de lecture estim\u00e9e":"2 minutes"},"schema":{"@context":"https:\/\/schema.org","@graph":[{"@type":"WebPage","@id":"https:\/\/achouffe-valley.be\/fr\/recommandations\/","url":"https:\/\/achouffe-valley.be\/fr\/recommandations\/","name":"Recommandations | Achouffe Valley | Activit\u00e9s du restaurant de l\u2019h\u00f4tel","isPartOf":{"@id":"https:\/\/achouffe-valley.be\/fr\/#website"},"primaryImageOfPage":{"@id":"https:\/\/achouffe-valley.be\/fr\/recommandations\/#primaryimage"},"image":{"@id":"https:\/\/achouffe-valley.be\/fr\/recommandations\/#primaryimage"},"thumbnailUrl":"https:\/\/achouffe-valley.be\/wp-content\/uploads\/2024\/05\/achouffe-valley-tips-brasserie-d-achouffe-300x273.webp","datePublished":"2024-05-24T13:43:14+00:00","dateModified":"2024-11-06T09:07:25+00:00","description":"Outre Achouffe Valley, notre r\u00e9gion offre encore d'autres beaux endroits qui valent vraiment le d\u00e9tour. D\u00e9couvrez quelques conseils qui rendront votre exp\u00e9rience encore meilleure\u00a0!","breadcrumb":{"@id":"https:\/\/achouffe-valley.be\/fr\/recommandations\/#breadcrumb"},"inLanguage":"fr-FR","potentialAction":[{"@type":"ReadAction","target":["https:\/\/achouffe-valley.be\/fr\/recommandations\/"]}]},{"@type":"ImageObject","inLanguage":"fr-FR","@id":"https:\/\/achouffe-valley.be\/fr\/recommandations\/#primaryimage","url":"https:\/\/achouffe-valley.be\/wp-content\/uploads\/2024\/05\/achouffe-valley-tips-brasserie-d-achouffe-300x273.webp","contentUrl":"https:\/\/achouffe-valley.be\/wp-content\/uploads\/2024\/05\/achouffe-valley-tips-brasserie-d-achouffe-300x273.webp"},{"@type":"BreadcrumbList","@id":"https:\/\/achouffe-valley.be\/fr\/recommandations\/#breadcrumb","itemListElement":[{"@type":"ListItem","position":1,"name":"Home","item":"https:\/\/achouffe-valley.be\/fr\/"},{"@type":"ListItem","position":2,"name":"Recommandations"}]},{"@type":"WebSite","@id":"https:\/\/achouffe-valley.be\/fr\/#website","url":"https:\/\/achouffe-valley.be\/fr\/","name":"Achouffe Valley","description":"Hotel Restaurant Activiteiten","publisher":{"@id":"https:\/\/achouffe-valley.be\/fr\/#organization"},"potentialAction":[{"@type":"SearchAction","target":{"@type":"EntryPoint","urlTemplate":"https:\/\/achouffe-valley.be\/fr\/?s={search_term_string}"},"query-input":{"@type":"PropertyValueSpecification","valueRequired":true,"valueName":"search_term_string"}}],"inLanguage":"fr-FR"},{"@type":"Organization","@id":"https:\/\/achouffe-valley.be\/fr\/#organization","name":"Achouffe Valley","url":"https:\/\/achouffe-valley.be\/fr\/","logo":{"@type":"ImageObject","inLanguage":"fr-FR","@id":"https:\/\/achouffe-valley.be\/fr\/#\/schema\/logo\/image\/","url":"https:\/\/achouffe-valley.be\/wp-content\/uploads\/2024\/04\/logo-achouffe-valley-full.png","contentUrl":"https:\/\/achouffe-valley.be\/wp-content\/uploads\/2024\/04\/logo-achouffe-valley-full.png","width":500,"height":500,"caption":"Achouffe Valley"},"image":{"@id":"https:\/\/achouffe-valley.be\/fr\/#\/schema\/logo\/image\/"},"sameAs":["https:\/\/www.facebook.com\/achouffevalley","https:\/\/www.instagram.com\/achouffe.valley\/"]}]}},"_links":{"self":[{"href":"https:\/\/achouffe-valley.be\/fr\/wp-json\/wp\/v2\/pages\/6388","targetHints":{"allow":["GET"]}}],"collection":[{"href":"https:\/\/achouffe-valley.be\/fr\/wp-json\/wp\/v2\/pages"}],"about":[{"href":"https:\/\/achouffe-valley.be\/fr\/wp-json\/wp\/v2\/types\/page"}],"author":[{"embeddable":true,"href":"https:\/\/achouffe-valley.be\/fr\/wp-json\/wp\/v2\/users\/2"}],"replies":[{"embeddable":true,"href":"https:\/\/achouffe-valley.be\/fr\/wp-json\/wp\/v2\/comments?post=6388"}],"version-history":[{"count":4,"href":"https:\/\/achouffe-valley.be\/fr\/wp-json\/wp\/v2\/pages\/6388\/revisions"}],"predecessor-version":[{"id":6392,"href":"https:\/\/achouffe-valley.be\/fr\/wp-json\/wp\/v2\/pages\/6388\/revisions\/6392"}],"wp:attachment":[{"href":"https:\/\/achouffe-valley.be\/fr\/wp-json\/wp\/v2\/media?parent=6388"}],"curies":[{"name":"wp","href":"https:\/\/api.w.org\/{rel}","templated":true}]}}