{"id":6393,"date":"2024-05-24T07:58:48","date_gmt":"2024-05-24T07:58:48","guid":{"rendered":"https:\/\/achouffe-valley.be\/over-ons\/"},"modified":"2025-09-16T12:36:28","modified_gmt":"2025-09-16T12:36:28","slug":"a-propos-de-nous","status":"publish","type":"page","link":"https:\/\/achouffe-valley.be\/fr\/a-propos-de-nous\/","title":{"rendered":"\u00c0 propos de nous"},"content":{"rendered":"\t\t<div data-elementor-type=\"wp-page\" data-elementor-id=\"6393\" class=\"elementor elementor-6393 elementor-4816\">\n\t\t\t\t<div class=\"elementor-element elementor-element-c84f4d8 e-flex e-con-boxed e-con e-parent\" data-id=\"c84f4d8\" data-element_type=\"container\">\n\t\t\t\t\t<div class=\"e-con-inner\">\n\t\t<div class=\"elementor-element elementor-element-65acc0b e-flex e-con-boxed e-con e-child\" data-id=\"65acc0b\" data-element_type=\"container\">\n\t\t\t\t\t<div class=\"e-con-inner\">\n\t\t<div class=\"elementor-element elementor-element-12916f0 e-con-full e-flex e-con e-child\" data-id=\"12916f0\" data-element_type=\"container\" data-settings=\"{&quot;background_background&quot;:&quot;classic&quot;}\">\n\t\t\t\t<div class=\"elementor-element elementor-element-4075c66 elementor-widget elementor-widget-spacer\" data-id=\"4075c66\" data-element_type=\"widget\" data-widget_type=\"spacer.default\">\n\t\t\t\t<div class=\"elementor-widget-container\">\n\t\t\t\t\t\t\t<div class=\"elementor-spacer\">\n\t\t\t<div class=\"elementor-spacer-inner\"><\/div>\n\t\t<\/div>\n\t\t\t\t\t\t<\/div>\n\t\t\t\t<\/div>\n\t\t\t\t<\/div>\n\t\t<div class=\"elementor-element elementor-element-d4416f0 e-con-full e-flex e-con e-child\" data-id=\"d4416f0\" data-element_type=\"container\">\n\t\t\t\t<div class=\"elementor-element elementor-element-f70260c elementor-widget elementor-widget-eltdf_section_title\" data-id=\"f70260c\" data-element_type=\"widget\" data-widget_type=\"eltdf_section_title.default\">\n\t\t\t\t<div class=\"elementor-widget-container\">\n\t\t\t\t\t<div class=\"eltdf-section-title-holder    \" style=\"text-align: left\">\n\t<div class=\"eltdf-st-inner\">\n                    <span class=\"eltdf-st-tagline\">\n                Nathalie Versluis            <\/span>\n        \t\t            <div class=\"eltdf-st-title-holder\">\n                                    <div class=\"decor\"><svg xmlns=\"http:\/\/www.w3.org\/2000\/svg\" width=\"41.125\" height=\"9.146\">\n                            <path fill=\"none\" stroke=\"#9C7C57\" stroke-miterlimit=\"10\" d=\"M40.881 8.576L20.562.591.244 8.576\"\/>\n                            <path fill=\"none\" stroke=\"#9C7C57\" stroke-miterlimit=\"10\" d=\"M40.881.591L20.562 8.576.243.591\"\/>\n                        <\/svg><\/div>\n                                <h2 class=\"eltdf-st-title\" >\n                    QUI SOMMES NOUS                <\/h2>\n                                    <div class=\"decor\"><svg xmlns=\"http:\/\/www.w3.org\/2000\/svg\" width=\"41.125\" height=\"9.146\">\n                            <path fill=\"none\" stroke=\"#9C7C57\" stroke-miterlimit=\"10\" d=\"M40.881 8.576L20.562.591.244 8.576\"\/>\n                            <path fill=\"none\" stroke=\"#9C7C57\" stroke-miterlimit=\"10\" d=\"M40.881.591L20.562 8.576.243.591\"\/>\n                        <\/svg><\/div>\n                            <\/div>\n\t\t\t\t\t\t\t<\/div>\n<\/div>\t\t\t\t<\/div>\n\t\t\t\t<\/div>\n\t\t\t\t<div class=\"elementor-element elementor-element-ae996b1 elementor-widget elementor-widget-text-editor\" data-id=\"ae996b1\" data-element_type=\"widget\" data-widget_type=\"text-editor.default\">\n\t\t\t\t<div class=\"elementor-widget-container\">\n\t\t\t\t\t\t\t\t\t<p>Au nom de toute notre \u00e9quipe, nous vous souhaitons la bienvenue.<\/p><p>Nathalie est originaire d\u2019Amsterdam et s\u2019est install\u00e9e ici en 2010.<\/p><p>Ces derni\u00e8res ann\u00e9es, nous avions fait de la Brasserie Le Rallye \u00e0 Houffalize une magnifique entreprise, gr\u00e2ce \u00e0 un travail acharn\u00e9 et \u00e0 tous nos clients. Comme l&rsquo;espace y \u00e9tait assez limit\u00e9, nous avions d\u00e9cid\u00e9 \u00e0 nous lancer dans un nouveau d\u00e9fi, sous la forme d&rsquo;Achouffe Valley.<\/p><p>Toutes nos id\u00e9es qui ont germ\u00e9 au fil des ann\u00e9es s&rsquo;int\u00e8grent bien dans l&rsquo;espace dont nous disposons ici, et nous esp\u00e9rons faire de ce concept un succ\u00e8s aussi grand que celui de la brasserie ces derni\u00e8res ann\u00e9es. Avec toute notre \u00e9quipe et vous en tant que convives, nous nous r\u00e9jouissons de ce nouveau d\u00e9fi.<\/p><p>Nous avons ouvert nos portes pour vous depuis le 29 mars 2024. Bien s\u00fbr, il y aura toujours une marge de croissance dans les ann\u00e9es \u00e0 venir, comme le savent les gens qui nous connaissent de la Brasserie Le Rallye\u2026.<\/p><p>Vous ne vous enlaceriez jamais avec nous ! Nous vous tiendrons d&rsquo;ailleurs toujours inform\u00e9s.<br \/>Bienvenue dans notre nouvelle entreprise !<\/p>\t\t\t\t\t\t\t\t<\/div>\n\t\t\t\t<\/div>\n\t\t\t\t<div class=\"elementor-element elementor-element-6b56326 elementor-widget__width-auto button-zwart elementor-widget elementor-widget-eltdf_button\" data-id=\"6b56326\" data-element_type=\"widget\" data-widget_type=\"eltdf_button.default\">\n\t\t\t\t<div class=\"elementor-widget-container\">\n\t\t\t\t\t<a itemprop=\"url\" href=\"\/fr\/contact\/\" target=\"_self\" style=\"color: #000000\" class=\"eltdf-btn eltdf-btn-medium eltdf-btn-outline eltdf-btn-custom-hover-color button-zwart\" data-hover-color=\"#000000\" 0=\"color: #000000\">\n        <span class=\"eltdf-btn-text\">Contact<\/span>\n        <\/a>\t\t\t\t<\/div>\n\t\t\t\t<\/div>\n\t\t\t\t<\/div>\n\t\t\t\t\t<\/div>\n\t\t\t\t<\/div>\n\t\t\t\t\t<\/div>\n\t\t\t\t<\/div>\n\t\t\t\t<\/div>\n\t\t","protected":false},"excerpt":{"rendered":"<p>Nathalie Versluis QUI SOMMES NOUS Au nom de toute notre \u00e9quipe, nous vous souhaitons la bienvenue. Nathalie est originaire d\u2019Amsterdam et s\u2019est install\u00e9e ici en 2010. Ces derni\u00e8res ann\u00e9es, nous avions fait de la Brasserie Le Rallye \u00e0 Houffalize une magnifique entreprise, gr\u00e2ce \u00e0 un travail acharn\u00e9 et \u00e0 tous nos clients. Comme l&rsquo;espace y \u00e9tait assez limit\u00e9, nous avions [&hellip;]<\/p>\n","protected":false},"author":2,"featured_media":0,"parent":0,"menu_order":0,"comment_status":"closed","ping_status":"closed","template":"full-width.php","meta":{"_monsterinsights_skip_tracking":false,"_monsterinsights_sitenote_active":false,"_monsterinsights_sitenote_note":"","_monsterinsights_sitenote_category":0,"footnotes":""},"class_list":["post-6393","page","type-page","status-publish","hentry"],"yoast_head":"<!-- This site is optimized with the Yoast SEO plugin v26.6 - https:\/\/yoast.com\/wordpress\/plugins\/seo\/ -->\n<title>\u00c0 propos de nous | Achouffe Valley | Activit\u00e9s du restaurant de l\u2019h\u00f4tel<\/title>\n<meta name=\"description\" content=\"Nous vous souhaitons la bienvenue \u00e0 l&#039;H\u00f4tel et Restaurant Achouffe-Vall\u00e9e et profitons de diverses activit\u00e9s ludiques. En savoir plus sur nous ici.\" \/>\n<meta name=\"robots\" content=\"index, follow, max-snippet:-1, max-image-preview:large, max-video-preview:-1\" \/>\n<link rel=\"canonical\" href=\"https:\/\/achouffe-valley.be\/fr\/a-propos-de-nous\/\" \/>\n<meta property=\"og:locale\" content=\"fr_FR\" \/>\n<meta property=\"og:type\" content=\"article\" \/>\n<meta property=\"og:title\" content=\"\u00c0 propos de nous | Achouffe Valley | Activit\u00e9s du restaurant de l\u2019h\u00f4tel\" \/>\n<meta property=\"og:description\" content=\"Nous vous souhaitons la bienvenue \u00e0 l&#039;H\u00f4tel et Restaurant Achouffe-Vall\u00e9e et profitons de diverses activit\u00e9s ludiques. En savoir plus sur nous ici.\" \/>\n<meta property=\"og:url\" content=\"https:\/\/achouffe-valley.be\/fr\/a-propos-de-nous\/\" \/>\n<meta property=\"og:site_name\" content=\"Achouffe Valley\" \/>\n<meta property=\"article:publisher\" content=\"https:\/\/www.facebook.com\/achouffevalley\" \/>\n<meta property=\"article:modified_time\" content=\"2025-09-16T12:36:28+00:00\" \/>\n<meta property=\"og:image\" content=\"https:\/\/achouffe-valley.be\/wp-content\/uploads\/2024\/04\/img-achouffe-valley-panorama-dakterras.jpg\" \/>\n\t<meta property=\"og:image:width\" content=\"1800\" \/>\n\t<meta property=\"og:image:height\" content=\"1202\" \/>\n\t<meta property=\"og:image:type\" content=\"image\/jpeg\" \/>\n<meta name=\"twitter:card\" content=\"summary_large_image\" \/>\n<meta name=\"twitter:label1\" content=\"Dur\u00e9e de lecture estim\u00e9e\" \/>\n\t<meta name=\"twitter:data1\" content=\"1 minute\" \/>\n<script type=\"application\/ld+json\" class=\"yoast-schema-graph\">{\"@context\":\"https:\/\/schema.org\",\"@graph\":[{\"@type\":\"WebPage\",\"@id\":\"https:\/\/achouffe-valley.be\/fr\/a-propos-de-nous\/\",\"url\":\"https:\/\/achouffe-valley.be\/fr\/a-propos-de-nous\/\",\"name\":\"\u00c0 propos de nous | Achouffe Valley | Activit\u00e9s du restaurant de l\u2019h\u00f4tel\",\"isPartOf\":{\"@id\":\"https:\/\/achouffe-valley.be\/fr\/#website\"},\"datePublished\":\"2024-05-24T07:58:48+00:00\",\"dateModified\":\"2025-09-16T12:36:28+00:00\",\"description\":\"Nous vous souhaitons la bienvenue \u00e0 l'H\u00f4tel et Restaurant Achouffe-Vall\u00e9e et profitons de diverses activit\u00e9s ludiques. En savoir plus sur nous ici.\",\"breadcrumb\":{\"@id\":\"https:\/\/achouffe-valley.be\/fr\/a-propos-de-nous\/#breadcrumb\"},\"inLanguage\":\"fr-FR\",\"potentialAction\":[{\"@type\":\"ReadAction\",\"target\":[\"https:\/\/achouffe-valley.be\/fr\/a-propos-de-nous\/\"]}]},{\"@type\":\"BreadcrumbList\",\"@id\":\"https:\/\/achouffe-valley.be\/fr\/a-propos-de-nous\/#breadcrumb\",\"itemListElement\":[{\"@type\":\"ListItem\",\"position\":1,\"name\":\"Home\",\"item\":\"https:\/\/achouffe-valley.be\/fr\/\"},{\"@type\":\"ListItem\",\"position\":2,\"name\":\"\u00c0 propos de nous\"}]},{\"@type\":\"WebSite\",\"@id\":\"https:\/\/achouffe-valley.be\/fr\/#website\",\"url\":\"https:\/\/achouffe-valley.be\/fr\/\",\"name\":\"Achouffe Valley\",\"description\":\"Hotel Restaurant Activiteiten\",\"publisher\":{\"@id\":\"https:\/\/achouffe-valley.be\/fr\/#organization\"},\"potentialAction\":[{\"@type\":\"SearchAction\",\"target\":{\"@type\":\"EntryPoint\",\"urlTemplate\":\"https:\/\/achouffe-valley.be\/fr\/?s={search_term_string}\"},\"query-input\":{\"@type\":\"PropertyValueSpecification\",\"valueRequired\":true,\"valueName\":\"search_term_string\"}}],\"inLanguage\":\"fr-FR\"},{\"@type\":\"Organization\",\"@id\":\"https:\/\/achouffe-valley.be\/fr\/#organization\",\"name\":\"Achouffe Valley\",\"url\":\"https:\/\/achouffe-valley.be\/fr\/\",\"logo\":{\"@type\":\"ImageObject\",\"inLanguage\":\"fr-FR\",\"@id\":\"https:\/\/achouffe-valley.be\/fr\/#\/schema\/logo\/image\/\",\"url\":\"https:\/\/achouffe-valley.be\/wp-content\/uploads\/2024\/04\/logo-achouffe-valley-full.png\",\"contentUrl\":\"https:\/\/achouffe-valley.be\/wp-content\/uploads\/2024\/04\/logo-achouffe-valley-full.png\",\"width\":500,\"height\":500,\"caption\":\"Achouffe Valley\"},\"image\":{\"@id\":\"https:\/\/achouffe-valley.be\/fr\/#\/schema\/logo\/image\/\"},\"sameAs\":[\"https:\/\/www.facebook.com\/achouffevalley\",\"https:\/\/www.instagram.com\/achouffe.valley\/\"]}]}<\/script>\n<!-- \/ Yoast SEO plugin. -->","yoast_head_json":{"title":"\u00c0 propos de nous | Achouffe Valley | Activit\u00e9s du restaurant de l\u2019h\u00f4tel","description":"Nous vous souhaitons la bienvenue \u00e0 l'H\u00f4tel et Restaurant Achouffe-Vall\u00e9e et profitons de diverses activit\u00e9s ludiques. En savoir plus sur nous ici.","robots":{"index":"index","follow":"follow","max-snippet":"max-snippet:-1","max-image-preview":"max-image-preview:large","max-video-preview":"max-video-preview:-1"},"canonical":"https:\/\/achouffe-valley.be\/fr\/a-propos-de-nous\/","og_locale":"fr_FR","og_type":"article","og_title":"\u00c0 propos de nous | Achouffe Valley | Activit\u00e9s du restaurant de l\u2019h\u00f4tel","og_description":"Nous vous souhaitons la bienvenue \u00e0 l'H\u00f4tel et Restaurant Achouffe-Vall\u00e9e et profitons de diverses activit\u00e9s ludiques. En savoir plus sur nous ici.","og_url":"https:\/\/achouffe-valley.be\/fr\/a-propos-de-nous\/","og_site_name":"Achouffe Valley","article_publisher":"https:\/\/www.facebook.com\/achouffevalley","article_modified_time":"2025-09-16T12:36:28+00:00","og_image":[{"width":1800,"height":1202,"url":"https:\/\/achouffe-valley.be\/wp-content\/uploads\/2024\/04\/img-achouffe-valley-panorama-dakterras.jpg","type":"image\/jpeg"}],"twitter_card":"summary_large_image","twitter_misc":{"Dur\u00e9e de lecture estim\u00e9e":"1 minute"},"schema":{"@context":"https:\/\/schema.org","@graph":[{"@type":"WebPage","@id":"https:\/\/achouffe-valley.be\/fr\/a-propos-de-nous\/","url":"https:\/\/achouffe-valley.be\/fr\/a-propos-de-nous\/","name":"\u00c0 propos de nous | Achouffe Valley | Activit\u00e9s du restaurant de l\u2019h\u00f4tel","isPartOf":{"@id":"https:\/\/achouffe-valley.be\/fr\/#website"},"datePublished":"2024-05-24T07:58:48+00:00","dateModified":"2025-09-16T12:36:28+00:00","description":"Nous vous souhaitons la bienvenue \u00e0 l'H\u00f4tel et Restaurant Achouffe-Vall\u00e9e et profitons de diverses activit\u00e9s ludiques. En savoir plus sur nous ici.","breadcrumb":{"@id":"https:\/\/achouffe-valley.be\/fr\/a-propos-de-nous\/#breadcrumb"},"inLanguage":"fr-FR","potentialAction":[{"@type":"ReadAction","target":["https:\/\/achouffe-valley.be\/fr\/a-propos-de-nous\/"]}]},{"@type":"BreadcrumbList","@id":"https:\/\/achouffe-valley.be\/fr\/a-propos-de-nous\/#breadcrumb","itemListElement":[{"@type":"ListItem","position":1,"name":"Home","item":"https:\/\/achouffe-valley.be\/fr\/"},{"@type":"ListItem","position":2,"name":"\u00c0 propos de nous"}]},{"@type":"WebSite","@id":"https:\/\/achouffe-valley.be\/fr\/#website","url":"https:\/\/achouffe-valley.be\/fr\/","name":"Achouffe Valley","description":"Hotel Restaurant Activiteiten","publisher":{"@id":"https:\/\/achouffe-valley.be\/fr\/#organization"},"potentialAction":[{"@type":"SearchAction","target":{"@type":"EntryPoint","urlTemplate":"https:\/\/achouffe-valley.be\/fr\/?s={search_term_string}"},"query-input":{"@type":"PropertyValueSpecification","valueRequired":true,"valueName":"search_term_string"}}],"inLanguage":"fr-FR"},{"@type":"Organization","@id":"https:\/\/achouffe-valley.be\/fr\/#organization","name":"Achouffe Valley","url":"https:\/\/achouffe-valley.be\/fr\/","logo":{"@type":"ImageObject","inLanguage":"fr-FR","@id":"https:\/\/achouffe-valley.be\/fr\/#\/schema\/logo\/image\/","url":"https:\/\/achouffe-valley.be\/wp-content\/uploads\/2024\/04\/logo-achouffe-valley-full.png","contentUrl":"https:\/\/achouffe-valley.be\/wp-content\/uploads\/2024\/04\/logo-achouffe-valley-full.png","width":500,"height":500,"caption":"Achouffe Valley"},"image":{"@id":"https:\/\/achouffe-valley.be\/fr\/#\/schema\/logo\/image\/"},"sameAs":["https:\/\/www.facebook.com\/achouffevalley","https:\/\/www.instagram.com\/achouffe.valley\/"]}]}},"_links":{"self":[{"href":"https:\/\/achouffe-valley.be\/fr\/wp-json\/wp\/v2\/pages\/6393","targetHints":{"allow":["GET"]}}],"collection":[{"href":"https:\/\/achouffe-valley.be\/fr\/wp-json\/wp\/v2\/pages"}],"about":[{"href":"https:\/\/achouffe-valley.be\/fr\/wp-json\/wp\/v2\/types\/page"}],"author":[{"embeddable":true,"href":"https:\/\/achouffe-valley.be\/fr\/wp-json\/wp\/v2\/users\/2"}],"replies":[{"embeddable":true,"href":"https:\/\/achouffe-valley.be\/fr\/wp-json\/wp\/v2\/comments?post=6393"}],"version-history":[{"count":13,"href":"https:\/\/achouffe-valley.be\/fr\/wp-json\/wp\/v2\/pages\/6393\/revisions"}],"predecessor-version":[{"id":6563,"href":"https:\/\/achouffe-valley.be\/fr\/wp-json\/wp\/v2\/pages\/6393\/revisions\/6563"}],"wp:attachment":[{"href":"https:\/\/achouffe-valley.be\/fr\/wp-json\/wp\/v2\/media?parent=6393"}],"curies":[{"name":"wp","href":"https:\/\/api.w.org\/{rel}","templated":true}]}}