{"id":6403,"date":"2024-05-29T13:59:37","date_gmt":"2024-05-29T13:59:37","guid":{"rendered":"https:\/\/achouffe-valley.be\/contact\/"},"modified":"2026-04-22T07:16:59","modified_gmt":"2026-04-22T07:16:59","slug":"contact","status":"publish","type":"page","link":"https:\/\/achouffe-valley.be\/fr\/contact\/","title":{"rendered":"Contact"},"content":{"rendered":"\t\t<div data-elementor-type=\"wp-page\" data-elementor-id=\"6403\" class=\"elementor elementor-6403 elementor-5764\">\n\t\t\t\t\t\t<section class=\"elementor-section elementor-top-section elementor-element elementor-element-548a6cf eltdf-elementor-row-grid-section eltdf-content-aligment-center elementor-section-boxed elementor-section-height-default elementor-section-height-default eltdf-parallax-row-no eltdf-disabled-bg-image-bellow-no\" data-id=\"548a6cf\" data-element_type=\"section\">\n\t\t\t\t\t\t<div class=\"elementor-container elementor-column-gap-default\">\n\t\t\t\t\t<div class=\"elementor-column elementor-col-50 elementor-top-column elementor-element elementor-element-454c0c7\" data-id=\"454c0c7\" data-element_type=\"column\">\n\t\t\t<div class=\"elementor-widget-wrap elementor-element-populated\">\n\t\t\t\t\t\t<div class=\"elementor-element elementor-element-5718ecd elementor-widget elementor-widget-eltdf_section_title\" data-id=\"5718ecd\" data-element_type=\"widget\" data-widget_type=\"eltdf_section_title.default\">\n\t\t\t\t<div class=\"elementor-widget-container\">\n\t\t\t\t\t<div class=\"eltdf-section-title-holder    \" style=\"text-align: center\">\n\t<div class=\"eltdf-st-inner\">\n                    <span class=\"eltdf-st-tagline\">\n                Envoyez-nous un message            <\/span>\n        \t\t            <div class=\"eltdf-st-title-holder\">\n                                    <div class=\"decor\"><svg xmlns=\"http:\/\/www.w3.org\/2000\/svg\" width=\"41.125\" height=\"9.146\">\n                            <path fill=\"none\" stroke=\"#9C7C57\" stroke-miterlimit=\"10\" d=\"M40.881 8.576L20.562.591.244 8.576\"\/>\n                            <path fill=\"none\" stroke=\"#9C7C57\" stroke-miterlimit=\"10\" d=\"M40.881.591L20.562 8.576.243.591\"\/>\n                        <\/svg><\/div>\n                                <h2 class=\"eltdf-st-title\" >\n                    CONTACT                <\/h2>\n                                    <div class=\"decor\"><svg xmlns=\"http:\/\/www.w3.org\/2000\/svg\" width=\"41.125\" height=\"9.146\">\n                            <path fill=\"none\" stroke=\"#9C7C57\" stroke-miterlimit=\"10\" d=\"M40.881 8.576L20.562.591.244 8.576\"\/>\n                            <path fill=\"none\" stroke=\"#9C7C57\" stroke-miterlimit=\"10\" d=\"M40.881.591L20.562 8.576.243.591\"\/>\n                        <\/svg><\/div>\n                            <\/div>\n\t\t\t\t\t\t\t<\/div>\n<\/div>\t\t\t\t<\/div>\n\t\t\t\t<\/div>\n\t\t\t\t<div class=\"elementor-element elementor-element-0023919 contact-form elementor-widget elementor-widget-eltdf_cf7\" data-id=\"0023919\" data-element_type=\"widget\" data-widget_type=\"eltdf_cf7.default\">\n\t\t\t\t<div class=\"elementor-widget-container\">\n\t\t\t\t\t    \n<div class=\"wpcf7 no-js\" id=\"wpcf7-f6405-o1\" lang=\"fr-FR\" dir=\"ltr\" data-wpcf7-id=\"6405\">\n<div class=\"screen-reader-response\"><p role=\"status\" aria-live=\"polite\" aria-atomic=\"true\"><\/p> <ul><\/ul><\/div>\n<form action=\"\/fr\/wp-json\/wp\/v2\/pages\/6403#wpcf7-f6405-o1\" method=\"post\" class=\"wpcf7-form init cf7_custom_style_2\" aria-label=\"Formulaire de contact\" novalidate=\"novalidate\" data-status=\"init\">\n<fieldset class=\"hidden-fields-container\"><input type=\"hidden\" name=\"_wpcf7\" value=\"6405\" \/><input type=\"hidden\" name=\"_wpcf7_version\" value=\"6.1.4\" \/><input type=\"hidden\" name=\"_wpcf7_locale\" value=\"fr_FR\" \/><input type=\"hidden\" name=\"_wpcf7_unit_tag\" value=\"wpcf7-f6405-o1\" \/><input type=\"hidden\" name=\"_wpcf7_container_post\" value=\"0\" \/><input type=\"hidden\" name=\"_wpcf7_posted_data_hash\" value=\"\" \/><input type=\"hidden\" name=\"_wpcf7_recaptcha_response\" value=\"\" \/>\n<\/fieldset>\n<div class=\"qodef-cf7-contact\">\n<span class=\"wpcf7-form-control-wrap\" data-name=\"your-name\"><input size=\"40\" maxlength=\"400\" class=\"wpcf7-form-control wpcf7-text wpcf7-validates-as-required\" aria-required=\"true\" aria-invalid=\"false\" placeholder=\"Nom et pr\u00e9nom\" value=\"\" type=\"text\" name=\"your-name\" \/><\/span>\n<span class=\"wpcf7-form-control-wrap\" data-name=\"your-email\"><input size=\"40\" maxlength=\"400\" class=\"wpcf7-form-control wpcf7-email wpcf7-validates-as-required wpcf7-text wpcf7-validates-as-email\" aria-required=\"true\" aria-invalid=\"false\" placeholder=\"Adresse e-mail\" value=\"\" type=\"email\" name=\"your-email\" \/><\/span>\n<span class=\"wpcf7-form-control-wrap\" data-name=\"your-address\"><input size=\"40\" maxlength=\"400\" class=\"wpcf7-form-control wpcf7-text wpcf7-validates-as-required\" aria-required=\"true\" aria-invalid=\"false\" placeholder=\"Adresse\" value=\"\" type=\"text\" name=\"your-address\" \/><\/span>\n<span class=\"wpcf7-form-control-wrap\" data-name=\"your-number\"><input size=\"40\" maxlength=\"400\" class=\"wpcf7-form-control wpcf7-text wpcf7-validates-as-required\" aria-required=\"true\" aria-invalid=\"false\" placeholder=\"N\u00b0 de t\u00e9l\u00e9phone\" value=\"\" type=\"text\" name=\"your-number\" \/><\/span>\n<span class=\"wpcf7-form-control-wrap\" data-name=\"your-subject\"><input size=\"40\" maxlength=\"400\" class=\"wpcf7-form-control wpcf7-text wpcf7-validates-as-required\" aria-required=\"true\" aria-invalid=\"false\" placeholder=\"Sujet\" value=\"\" type=\"text\" name=\"your-subject\" \/><\/span>\n<span class=\"wpcf7-form-control-wrap\" data-name=\"your-message\"><textarea cols=\"40\" rows=\"10\" maxlength=\"2000\" class=\"wpcf7-form-control wpcf7-textarea\" aria-invalid=\"false\" name=\"your-message\">Message<\/textarea><\/span>\n<div class=\"qodef-cf7-contact-btn-holder\">\n<button class=\"wpcf7-form-control wpcf7-submit eltdf-btn eltdf-btn-medium eltdf-btn-outline\" type=\"submit\"><span class=\"eltdf-btn-text\">Envoyer<\/span><\/button>\n<\/div>\n<\/div><div class=\"wpcf7-response-output\" aria-hidden=\"true\"><\/div>\n<\/form>\n<\/div>\n\t\t\t\t<\/div>\n\t\t\t\t<\/div>\n\t\t\t\t\t<\/div>\n\t\t<\/div>\n\t\t\t\t<div class=\"elementor-column elementor-col-50 elementor-top-column elementor-element elementor-element-7ed1f0d\" data-id=\"7ed1f0d\" data-element_type=\"column\">\n\t\t\t<div class=\"elementor-widget-wrap elementor-element-populated\">\n\t\t\t\t\t\t<section class=\"elementor-section elementor-inner-section elementor-element elementor-element-e6fe2bd elementor-section-boxed elementor-section-height-default elementor-section-height-default eltdf-parallax-row-no eltdf-content-aligment-left eltdf-elementor-row-grid-no eltdf-disabled-bg-image-bellow-no\" data-id=\"e6fe2bd\" data-element_type=\"section\">\n\t\t\t\t\t\t<div class=\"elementor-container elementor-column-gap-default\">\n\t\t\t\t\t<div class=\"elementor-column elementor-col-100 elementor-inner-column elementor-element elementor-element-719343f\" data-id=\"719343f\" data-element_type=\"column\">\n\t\t\t<div class=\"elementor-widget-wrap elementor-element-populated\">\n\t\t\t\t\t\t<div class=\"elementor-element elementor-element-dc07802 elementor-widget elementor-widget-eltdf_section_title\" data-id=\"dc07802\" data-element_type=\"widget\" data-widget_type=\"eltdf_section_title.default\">\n\t\t\t\t<div class=\"elementor-widget-container\">\n\t\t\t\t\t<div class=\"eltdf-section-title-holder    \" style=\"text-align: center\">\n\t<div class=\"eltdf-st-inner\">\n        \t\t            <div class=\"eltdf-st-title-holder\">\n                                <h5 class=\"eltdf-st-title\" >\n                    LIEU                <\/h5>\n                            <\/div>\n\t\t\t\t\t\t\t<\/div>\n<\/div>\t\t\t\t<\/div>\n\t\t\t\t<\/div>\n\t\t\t\t<div class=\"elementor-element elementor-element-b278f29 elementor-widget__width-initial elementor-widget elementor-widget-text-editor\" data-id=\"b278f29\" data-element_type=\"widget\" data-widget_type=\"text-editor.default\">\n\t\t\t\t<div class=\"elementor-widget-container\">\n\t\t\t\t\t\t\t\t\t<p style=\"text-align: center;\"><a href=\"https:\/\/www.google.com\/maps\/place\/Achouffe+Valley\/@50.1492521,5.7404864,17z\/data=!3m1!4b1!4m9!3m8!1s0x47c015050da09809:0xd38b793e12b19496!5m2!4m1!1i2!8m2!3d50.1492521!4d5.7404864!16s%2Fg%2F11vjr5q9cw?entry=ttu\" target=\"_blank\" rel=\"noopener noreferrer\">Achouffe 19<br \/>6666 Houffalize Belgi\u00eb<\/a><\/p><p style=\"text-align: center;\"><span style=\"text-decoration: underline;\"><strong>Nathalie Versluis<\/strong><\/span><br \/><a href=\"tel:\/\/0032473608588\">0032 (0) 473 60 85 88<\/a><\/p><p style=\"line-height: 1em; text-align: center;\"><a href=\"mailto:reservering@achouffe-valley.be\">reservering@achouffe-valley.be<\/a><\/p>\t\t\t\t\t\t\t\t<\/div>\n\t\t\t\t<\/div>\n\t\t\t\t<div class=\"elementor-element elementor-element-69b530c elementor-widget elementor-widget-eltdf_section_title\" data-id=\"69b530c\" data-element_type=\"widget\" data-widget_type=\"eltdf_section_title.default\">\n\t\t\t\t<div class=\"elementor-widget-container\">\n\t\t\t\t\t<div class=\"eltdf-section-title-holder    \" style=\"text-align: center\">\n\t<div class=\"eltdf-st-inner\">\n        \t\t            <div class=\"eltdf-st-title-holder\">\n                                <h5 class=\"eltdf-st-title\" >\n                    Heures d'ouverture                <\/h5>\n                            <\/div>\n\t\t\t\t\t\t\t<\/div>\n<\/div>\t\t\t\t<\/div>\n\t\t\t\t<\/div>\n\t\t\t\t<div class=\"elementor-element elementor-element-32089f1 elementor-widget__width-initial elementor-widget elementor-widget-text-editor\" data-id=\"32089f1\" data-element_type=\"widget\" data-widget_type=\"text-editor.default\">\n\t\t\t\t<div class=\"elementor-widget-container\">\n\t\t\t\t\t\t\t\t\t<p style=\"text-align: center;\">Du 1er avril au 15 novembre, nous sommes ouverts de 11 h \u00e0 22 h et ne fermons que le mercredi et le jeudi en dehors des vacances.<\/p><p style=\"text-align: center;\">Pendant les vacances, nous sommes g\u00e9n\u00e9ralement ferm\u00e9s le mercredi.<\/p><p style=\"text-align: center;\">Pour toute ouverture ou fermeture exceptionnelle, veuillez consulter notre page <span style=\"text-decoration: underline;\"><a href=\"https:\/\/www.instagram.com\/achouffe.valley\/\" target=\"_blank\" rel=\"noopener\">Instagram<\/a><\/span> ou <span style=\"text-decoration: underline;\"><a href=\"https:\/\/www.facebook.com\/achouffevalley\" target=\"_blank\" rel=\"noopener\">Facebook<\/a><\/span>.<\/p>\t\t\t\t\t\t\t\t<\/div>\n\t\t\t\t<\/div>\n\t\t\t\t\t<\/div>\n\t\t<\/div>\n\t\t\t\t\t<\/div>\n\t\t<\/section>\n\t\t\t\t\t<\/div>\n\t\t<\/div>\n\t\t\t\t\t<\/div>\n\t\t<\/section>\n\t\t\t\t<section class=\"elementor-section elementor-top-section elementor-element elementor-element-0b429e7 eltdf-elementor-row-grid-section elementor-section-boxed elementor-section-height-default elementor-section-height-default eltdf-parallax-row-no eltdf-content-aligment-left eltdf-disabled-bg-image-bellow-no\" data-id=\"0b429e7\" data-element_type=\"section\">\n\t\t\t\t\t\t<div class=\"elementor-container elementor-column-gap-default\">\n\t\t\t\t\t<div class=\"elementor-column elementor-col-100 elementor-top-column elementor-element elementor-element-1ffe060\" data-id=\"1ffe060\" data-element_type=\"column\">\n\t\t\t<div class=\"elementor-widget-wrap elementor-element-populated\">\n\t\t\t\t\t\t<div class=\"elementor-element elementor-element-7ba86c1 map elementor-widget elementor-widget-html\" data-id=\"7ba86c1\" data-element_type=\"widget\" data-widget_type=\"html.default\">\n\t\t\t\t<div class=\"elementor-widget-container\">\n\t\t\t\t\t<iframe src=\"https:\/\/www.google.com\/maps\/embed?pb=!1m18!1m12!1m3!1d2556.6354054638205!2d5.7404864!3d50.149252100000005!2m3!1f0!2f0!3f0!3m2!1i1024!2i768!4f13.1!3m3!1m2!1s0x47c015050da09809%3A0xd38b793e12b19496!2sAchouffe%20Valley!5e0!3m2!1snl!2snl!4v1713259813570!5m2!1snl!2snl\" width=\"100%\" height=\"450\" style=\"border:0;\" allowfullscreen=\"\" loading=\"lazy\" referrerpolicy=\"no-referrer-when-downgrade\"><\/iframe>\t\t\t\t<\/div>\n\t\t\t\t<\/div>\n\t\t\t\t\t<\/div>\n\t\t<\/div>\n\t\t\t\t\t<\/div>\n\t\t<\/section>\n\t\t\t\t<\/div>\n\t\t","protected":false},"excerpt":{"rendered":"<p>Envoyez-nous un message CONTACT Message Envoyer LIEU Achouffe 196666 Houffalize Belgi\u00eb Nathalie Versluis0032 (0) 473 60 85 88 reservering@achouffe-valley.be Heures d&rsquo;ouverture Du 1er avril au 15 novembre, nous sommes ouverts de 11 h \u00e0 22 h et ne fermons que le mercredi et le jeudi en dehors des vacances. Pendant les vacances, nous sommes g\u00e9n\u00e9ralement ferm\u00e9s le mercredi. Pour toute [&hellip;]<\/p>\n","protected":false},"author":2,"featured_media":0,"parent":0,"menu_order":0,"comment_status":"closed","ping_status":"closed","template":"full-width.php","meta":{"_monsterinsights_skip_tracking":false,"_monsterinsights_sitenote_active":false,"_monsterinsights_sitenote_note":"","_monsterinsights_sitenote_category":0,"footnotes":""},"class_list":["post-6403","page","type-page","status-publish","hentry"],"yoast_head":"<!-- This site is optimized with the Yoast SEO plugin v26.6 - https:\/\/yoast.com\/wordpress\/plugins\/seo\/ -->\n<title>Contact | Achouffe Valley | Activit\u00e9s du restaurant de l\u2019h\u00f4tel<\/title>\n<meta name=\"description\" content=\"Vous avez une question ou un commentaire sur la Achouffe Valley? Laissez un message ici et nous vous contacterons dans les plus brefs d\u00e9lais.\" \/>\n<meta name=\"robots\" content=\"index, follow, max-snippet:-1, max-image-preview:large, max-video-preview:-1\" \/>\n<link rel=\"canonical\" href=\"https:\/\/achouffe-valley.be\/fr\/contact\/\" \/>\n<meta property=\"og:locale\" content=\"fr_FR\" \/>\n<meta property=\"og:type\" content=\"article\" \/>\n<meta property=\"og:title\" content=\"Contact | Achouffe Valley | Activit\u00e9s du restaurant de l\u2019h\u00f4tel\" \/>\n<meta property=\"og:description\" content=\"Vous avez une question ou un commentaire sur la Achouffe Valley? Laissez un message ici et nous vous contacterons dans les plus brefs d\u00e9lais.\" \/>\n<meta property=\"og:url\" content=\"https:\/\/achouffe-valley.be\/fr\/contact\/\" \/>\n<meta property=\"og:site_name\" content=\"Achouffe Valley\" \/>\n<meta property=\"article:publisher\" content=\"https:\/\/www.facebook.com\/achouffevalley\" \/>\n<meta property=\"article:modified_time\" content=\"2026-04-22T07:16:59+00:00\" \/>\n<meta property=\"og:image\" content=\"https:\/\/achouffe-valley.be\/wp-content\/uploads\/2024\/04\/img-achouffe-valley-panorama-dakterras.jpg\" \/>\n\t<meta property=\"og:image:width\" content=\"1800\" \/>\n\t<meta property=\"og:image:height\" content=\"1202\" \/>\n\t<meta property=\"og:image:type\" content=\"image\/jpeg\" \/>\n<meta name=\"twitter:card\" content=\"summary_large_image\" \/>\n<meta name=\"twitter:label1\" content=\"Dur\u00e9e de lecture estim\u00e9e\" \/>\n\t<meta name=\"twitter:data1\" content=\"1 minute\" \/>\n<script type=\"application\/ld+json\" class=\"yoast-schema-graph\">{\"@context\":\"https:\/\/schema.org\",\"@graph\":[{\"@type\":\"WebPage\",\"@id\":\"https:\/\/achouffe-valley.be\/fr\/contact\/\",\"url\":\"https:\/\/achouffe-valley.be\/fr\/contact\/\",\"name\":\"Contact | Achouffe Valley | Activit\u00e9s du restaurant de l\u2019h\u00f4tel\",\"isPartOf\":{\"@id\":\"https:\/\/achouffe-valley.be\/fr\/#website\"},\"datePublished\":\"2024-05-29T13:59:37+00:00\",\"dateModified\":\"2026-04-22T07:16:59+00:00\",\"description\":\"Vous avez une question ou un commentaire sur la Achouffe Valley? Laissez un message ici et nous vous contacterons dans les plus brefs d\u00e9lais.\",\"breadcrumb\":{\"@id\":\"https:\/\/achouffe-valley.be\/fr\/contact\/#breadcrumb\"},\"inLanguage\":\"fr-FR\",\"potentialAction\":[{\"@type\":\"ReadAction\",\"target\":[\"https:\/\/achouffe-valley.be\/fr\/contact\/\"]}]},{\"@type\":\"BreadcrumbList\",\"@id\":\"https:\/\/achouffe-valley.be\/fr\/contact\/#breadcrumb\",\"itemListElement\":[{\"@type\":\"ListItem\",\"position\":1,\"name\":\"Home\",\"item\":\"https:\/\/achouffe-valley.be\/fr\/\"},{\"@type\":\"ListItem\",\"position\":2,\"name\":\"Contact\"}]},{\"@type\":\"WebSite\",\"@id\":\"https:\/\/achouffe-valley.be\/fr\/#website\",\"url\":\"https:\/\/achouffe-valley.be\/fr\/\",\"name\":\"Achouffe Valley\",\"description\":\"Hotel Restaurant Activiteiten\",\"publisher\":{\"@id\":\"https:\/\/achouffe-valley.be\/fr\/#organization\"},\"potentialAction\":[{\"@type\":\"SearchAction\",\"target\":{\"@type\":\"EntryPoint\",\"urlTemplate\":\"https:\/\/achouffe-valley.be\/fr\/?s={search_term_string}\"},\"query-input\":{\"@type\":\"PropertyValueSpecification\",\"valueRequired\":true,\"valueName\":\"search_term_string\"}}],\"inLanguage\":\"fr-FR\"},{\"@type\":\"Organization\",\"@id\":\"https:\/\/achouffe-valley.be\/fr\/#organization\",\"name\":\"Achouffe Valley\",\"url\":\"https:\/\/achouffe-valley.be\/fr\/\",\"logo\":{\"@type\":\"ImageObject\",\"inLanguage\":\"fr-FR\",\"@id\":\"https:\/\/achouffe-valley.be\/fr\/#\/schema\/logo\/image\/\",\"url\":\"https:\/\/achouffe-valley.be\/wp-content\/uploads\/2024\/04\/logo-achouffe-valley-full.png\",\"contentUrl\":\"https:\/\/achouffe-valley.be\/wp-content\/uploads\/2024\/04\/logo-achouffe-valley-full.png\",\"width\":500,\"height\":500,\"caption\":\"Achouffe Valley\"},\"image\":{\"@id\":\"https:\/\/achouffe-valley.be\/fr\/#\/schema\/logo\/image\/\"},\"sameAs\":[\"https:\/\/www.facebook.com\/achouffevalley\",\"https:\/\/www.instagram.com\/achouffe.valley\/\"]}]}<\/script>\n<!-- \/ Yoast SEO plugin. -->","yoast_head_json":{"title":"Contact | Achouffe Valley | Activit\u00e9s du restaurant de l\u2019h\u00f4tel","description":"Vous avez une question ou un commentaire sur la Achouffe Valley? Laissez un message ici et nous vous contacterons dans les plus brefs d\u00e9lais.","robots":{"index":"index","follow":"follow","max-snippet":"max-snippet:-1","max-image-preview":"max-image-preview:large","max-video-preview":"max-video-preview:-1"},"canonical":"https:\/\/achouffe-valley.be\/fr\/contact\/","og_locale":"fr_FR","og_type":"article","og_title":"Contact | Achouffe Valley | Activit\u00e9s du restaurant de l\u2019h\u00f4tel","og_description":"Vous avez une question ou un commentaire sur la Achouffe Valley? Laissez un message ici et nous vous contacterons dans les plus brefs d\u00e9lais.","og_url":"https:\/\/achouffe-valley.be\/fr\/contact\/","og_site_name":"Achouffe Valley","article_publisher":"https:\/\/www.facebook.com\/achouffevalley","article_modified_time":"2026-04-22T07:16:59+00:00","og_image":[{"width":1800,"height":1202,"url":"https:\/\/achouffe-valley.be\/wp-content\/uploads\/2024\/04\/img-achouffe-valley-panorama-dakterras.jpg","type":"image\/jpeg"}],"twitter_card":"summary_large_image","twitter_misc":{"Dur\u00e9e de lecture estim\u00e9e":"1 minute"},"schema":{"@context":"https:\/\/schema.org","@graph":[{"@type":"WebPage","@id":"https:\/\/achouffe-valley.be\/fr\/contact\/","url":"https:\/\/achouffe-valley.be\/fr\/contact\/","name":"Contact | Achouffe Valley | Activit\u00e9s du restaurant de l\u2019h\u00f4tel","isPartOf":{"@id":"https:\/\/achouffe-valley.be\/fr\/#website"},"datePublished":"2024-05-29T13:59:37+00:00","dateModified":"2026-04-22T07:16:59+00:00","description":"Vous avez une question ou un commentaire sur la Achouffe Valley? Laissez un message ici et nous vous contacterons dans les plus brefs d\u00e9lais.","breadcrumb":{"@id":"https:\/\/achouffe-valley.be\/fr\/contact\/#breadcrumb"},"inLanguage":"fr-FR","potentialAction":[{"@type":"ReadAction","target":["https:\/\/achouffe-valley.be\/fr\/contact\/"]}]},{"@type":"BreadcrumbList","@id":"https:\/\/achouffe-valley.be\/fr\/contact\/#breadcrumb","itemListElement":[{"@type":"ListItem","position":1,"name":"Home","item":"https:\/\/achouffe-valley.be\/fr\/"},{"@type":"ListItem","position":2,"name":"Contact"}]},{"@type":"WebSite","@id":"https:\/\/achouffe-valley.be\/fr\/#website","url":"https:\/\/achouffe-valley.be\/fr\/","name":"Achouffe Valley","description":"Hotel Restaurant Activiteiten","publisher":{"@id":"https:\/\/achouffe-valley.be\/fr\/#organization"},"potentialAction":[{"@type":"SearchAction","target":{"@type":"EntryPoint","urlTemplate":"https:\/\/achouffe-valley.be\/fr\/?s={search_term_string}"},"query-input":{"@type":"PropertyValueSpecification","valueRequired":true,"valueName":"search_term_string"}}],"inLanguage":"fr-FR"},{"@type":"Organization","@id":"https:\/\/achouffe-valley.be\/fr\/#organization","name":"Achouffe Valley","url":"https:\/\/achouffe-valley.be\/fr\/","logo":{"@type":"ImageObject","inLanguage":"fr-FR","@id":"https:\/\/achouffe-valley.be\/fr\/#\/schema\/logo\/image\/","url":"https:\/\/achouffe-valley.be\/wp-content\/uploads\/2024\/04\/logo-achouffe-valley-full.png","contentUrl":"https:\/\/achouffe-valley.be\/wp-content\/uploads\/2024\/04\/logo-achouffe-valley-full.png","width":500,"height":500,"caption":"Achouffe Valley"},"image":{"@id":"https:\/\/achouffe-valley.be\/fr\/#\/schema\/logo\/image\/"},"sameAs":["https:\/\/www.facebook.com\/achouffevalley","https:\/\/www.instagram.com\/achouffe.valley\/"]}]}},"_links":{"self":[{"href":"https:\/\/achouffe-valley.be\/fr\/wp-json\/wp\/v2\/pages\/6403","targetHints":{"allow":["GET"]}}],"collection":[{"href":"https:\/\/achouffe-valley.be\/fr\/wp-json\/wp\/v2\/pages"}],"about":[{"href":"https:\/\/achouffe-valley.be\/fr\/wp-json\/wp\/v2\/types\/page"}],"author":[{"embeddable":true,"href":"https:\/\/achouffe-valley.be\/fr\/wp-json\/wp\/v2\/users\/2"}],"replies":[{"embeddable":true,"href":"https:\/\/achouffe-valley.be\/fr\/wp-json\/wp\/v2\/comments?post=6403"}],"version-history":[{"count":43,"href":"https:\/\/achouffe-valley.be\/fr\/wp-json\/wp\/v2\/pages\/6403\/revisions"}],"predecessor-version":[{"id":6707,"href":"https:\/\/achouffe-valley.be\/fr\/wp-json\/wp\/v2\/pages\/6403\/revisions\/6707"}],"wp:attachment":[{"href":"https:\/\/achouffe-valley.be\/fr\/wp-json\/wp\/v2\/media?parent=6403"}],"curies":[{"name":"wp","href":"https:\/\/api.w.org\/{rel}","templated":true}]}}