{"id":6412,"date":"2024-05-29T07:54:22","date_gmt":"2024-05-29T07:54:22","guid":{"rendered":"https:\/\/achouffe-valley.be\/disclaimer\/"},"modified":"2024-11-06T09:35:51","modified_gmt":"2024-11-06T09:35:51","slug":"clause-de-non-responsabilite","status":"publish","type":"page","link":"https:\/\/achouffe-valley.be\/fr\/clause-de-non-responsabilite\/","title":{"rendered":"Clause de non-responsabilit\u00e9"},"content":{"rendered":"\t\t<div data-elementor-type=\"wp-page\" data-elementor-id=\"6412\" class=\"elementor elementor-6412 elementor-5691\">\n\t\t\t\t\t\t<section class=\"elementor-section elementor-top-section elementor-element elementor-element-4aa26a3 eltdf-elementor-row-grid-section elementor-section-boxed elementor-section-height-default elementor-section-height-default eltdf-parallax-row-no eltdf-content-aligment-left eltdf-disabled-bg-image-bellow-no\" data-id=\"4aa26a3\" data-element_type=\"section\">\n\t\t\t\t\t\t<div class=\"elementor-container elementor-column-gap-default\">\n\t\t\t\t\t<div class=\"elementor-column elementor-col-100 elementor-top-column elementor-element elementor-element-cd6ddc3\" data-id=\"cd6ddc3\" data-element_type=\"column\">\n\t\t\t<div class=\"elementor-widget-wrap elementor-element-populated\">\n\t\t\t\t\t\t<div class=\"elementor-element elementor-element-9d617c4 elementor-widget elementor-widget-eltdf_section_title\" data-id=\"9d617c4\" data-element_type=\"widget\" data-widget_type=\"eltdf_section_title.default\">\n\t\t\t\t<div class=\"elementor-widget-container\">\n\t\t\t\t\t<div class=\"eltdf-section-title-holder    \" style=\"text-align: center\">\n\t<div class=\"eltdf-st-inner\">\n        \t\t            <div class=\"eltdf-st-title-holder\">\n                                    <div class=\"decor\"><svg xmlns=\"http:\/\/www.w3.org\/2000\/svg\" width=\"41.125\" height=\"9.146\">\n                            <path fill=\"none\" stroke=\"#9C7C57\" stroke-miterlimit=\"10\" d=\"M40.881 8.576L20.562.591.244 8.576\"\/>\n                            <path fill=\"none\" stroke=\"#9C7C57\" stroke-miterlimit=\"10\" d=\"M40.881.591L20.562 8.576.243.591\"\/>\n                        <\/svg><\/div>\n                                <h2 class=\"eltdf-st-title\" >\n                    CLAUSE DE NON-RESPONSABILIT\u00c9 ACHOUFFE VALLEY                <\/h2>\n                                    <div class=\"decor\"><svg xmlns=\"http:\/\/www.w3.org\/2000\/svg\" width=\"41.125\" height=\"9.146\">\n                            <path fill=\"none\" stroke=\"#9C7C57\" stroke-miterlimit=\"10\" d=\"M40.881 8.576L20.562.591.244 8.576\"\/>\n                            <path fill=\"none\" stroke=\"#9C7C57\" stroke-miterlimit=\"10\" d=\"M40.881.591L20.562 8.576.243.591\"\/>\n                        <\/svg><\/div>\n                            <\/div>\n\t\t\t\t\t\t\t<\/div>\n<\/div>\t\t\t\t<\/div>\n\t\t\t\t<\/div>\n\t\t\t\t<div class=\"elementor-element elementor-element-8ddc9fa elementor-widget elementor-widget-text-editor\" data-id=\"8ddc9fa\" data-element_type=\"widget\" data-widget_type=\"text-editor.default\">\n\t\t\t\t<div class=\"elementor-widget-container\">\n\t\t\t\t\t\t\t\t\t<p><strong>CLAUSE DE NON-RESPONSABILIT\u00c9 POUR WWW.ACHOUFFE-VALLEY.BE<\/strong><\/p><p>Sur cette page, vous trouverez les mentions l\u00e9gales de www.achouffe-valley.be, telles que mises \u00e0 disposition par Achouffe Valley. Dans cette clause de non-responsabilit\u00e9, nous indiquons dans quelles conditions nous vous proposons les informations sur notre site Internet.<\/p><p><strong>PROPRI\u00c9T\u00c9 INTELLECTUELLE<\/strong><br \/>L&rsquo;utilisation des informations sur ce site Web est gratuite tant que vous ne copiez pas, ne distribuez pas ou n&rsquo;utilisez pas ces informations \u00e0 bon ou \u00e0 mauvais escient. Vous ne pouvez r\u00e9utiliser les informations de ce site Web que conform\u00e9ment aux dispositions l\u00e9gales imp\u00e9ratives.<\/p><p>Il n&rsquo;est pas permis de r\u00e9utiliser des textes, des photos ou d&rsquo;autres \u00e9l\u00e9ments sur ce site Web sans l&rsquo;autorisation \u00e9crite expresse d&rsquo;Achouffe Valley. La propri\u00e9t\u00e9 intellectuelle appartient \u00e0 la Vall\u00e9e d&rsquo;Achouffe.<\/p><p><strong>AUCUNE GARANTIE D&rsquo;EXACTITUDE (Le cas \u00e9ch\u00e9ant)<\/strong><br \/>Pour les prix indiqu\u00e9s sur notre site Internet, nous nous effor\u00e7ons de repr\u00e9senter le plus pr\u00e9cis\u00e9ment possible la r\u00e9alit\u00e9 et les prix pr\u00e9vus. Les erreurs qui surviennent et sont reconnaissables comme des erreurs de programmation ou de frappe ne constituent jamais une raison pour r\u00e9clamer ou assumer un contrat ou un accord avec Achouffe Valley.<\/p><p>Achouffe Valley s&rsquo;efforce d&rsquo;avoir un site Internet le plus \u00e0 jour possible. Si, malgr\u00e9 tous nos efforts, les informations ou le contenu de ce site Web sont incomplets et\/ou incorrects, nous ne pouvons en \u00eatre tenus responsables.<br \/>Les informations et\/ou produits sur ce site Web sont propos\u00e9s sans aucune forme de garantie ou de pr\u00e9tention \u00e0 l&rsquo;exactitude. Nous nous r\u00e9servons le droit de modifier, supprimer ou republier ces documents sans pr\u00e9avis. Achouffe Valley d\u00e9cline toute responsabilit\u00e9 quant aux informations contenues sur les sites Internet auxquels nous renvoyons via des hyperliens.<\/p><p><strong>MODIFICATIONS<\/strong><br \/>Si cette clause de non-responsabilit\u00e9 venait \u00e0 changer, vous trouverez la version la plus r\u00e9cente de la clause de non-responsabilit\u00e9 de www.achuffe-valley.be sur cette page.<\/p>\t\t\t\t\t\t\t\t<\/div>\n\t\t\t\t<\/div>\n\t\t\t\t<div class=\"elementor-element elementor-element-17681b0 elementor-widget__width-auto elementor-widget elementor-widget-eltdf_button\" data-id=\"17681b0\" data-element_type=\"widget\" data-widget_type=\"eltdf_button.default\">\n\t\t\t\t<div class=\"elementor-widget-container\">\n\t\t\t\t\t<a itemprop=\"url\" href=\"https:\/\/laurent.qodeinteractive.com\/elementor\/meet-the-chef\/\" target=\"_blank\" style=\"padding: \" class=\"eltdf-btn eltdf-btn-medium eltdf-btn-simple\"  0=\"padding: \">\n        <span class=\"eltdf-btn-text\"><\/span>\n        <\/a>\t\t\t\t<\/div>\n\t\t\t\t<\/div>\n\t\t\t\t\t<\/div>\n\t\t<\/div>\n\t\t\t\t\t<\/div>\n\t\t<\/section>\n\t\t\t\t<\/div>\n\t\t","protected":false},"excerpt":{"rendered":"<p>CLAUSE DE NON-RESPONSABILIT\u00c9 ACHOUFFE VALLEY CLAUSE DE NON-RESPONSABILIT\u00c9 POUR WWW.ACHOUFFE-VALLEY.BE Sur cette page, vous trouverez les mentions l\u00e9gales de www.achouffe-valley.be, telles que mises \u00e0 disposition par Achouffe Valley. Dans cette clause de non-responsabilit\u00e9, nous indiquons dans quelles conditions nous vous proposons les informations sur notre site Internet. PROPRI\u00c9T\u00c9 INTELLECTUELLEL&rsquo;utilisation des informations sur ce site Web est gratuite tant que vous [&hellip;]<\/p>\n","protected":false},"author":2,"featured_media":0,"parent":0,"menu_order":0,"comment_status":"closed","ping_status":"closed","template":"full-width.php","meta":{"_monsterinsights_skip_tracking":false,"_monsterinsights_sitenote_active":false,"_monsterinsights_sitenote_note":"","_monsterinsights_sitenote_category":0,"footnotes":""},"class_list":["post-6412","page","type-page","status-publish","hentry"],"yoast_head":"<!-- This site is optimized with the Yoast SEO plugin v26.6 - https:\/\/yoast.com\/wordpress\/plugins\/seo\/ -->\n<title>Clause de non-responsabilit\u00e9 | Achouffe Valley<\/title>\n<meta name=\"robots\" content=\"index, follow, max-snippet:-1, max-image-preview:large, max-video-preview:-1\" \/>\n<link rel=\"canonical\" href=\"https:\/\/achouffe-valley.be\/fr\/clause-de-non-responsabilite\/\" \/>\n<meta property=\"og:locale\" content=\"fr_FR\" \/>\n<meta property=\"og:type\" content=\"article\" \/>\n<meta property=\"og:title\" content=\"Clause de non-responsabilit\u00e9 | Achouffe Valley\" \/>\n<meta property=\"og:description\" content=\"CLAUSE DE NON-RESPONSABILIT\u00c9 ACHOUFFE VALLEY CLAUSE DE NON-RESPONSABILIT\u00c9 POUR WWW.ACHOUFFE-VALLEY.BE Sur cette page, vous trouverez les mentions l\u00e9gales de www.achouffe-valley.be, telles que mises \u00e0 disposition par Achouffe Valley. Dans cette clause de non-responsabilit\u00e9, nous indiquons dans quelles conditions nous vous proposons les informations sur notre site Internet. PROPRI\u00c9T\u00c9 INTELLECTUELLEL&rsquo;utilisation des informations sur ce site Web est gratuite tant que vous [&hellip;]\" \/>\n<meta property=\"og:url\" content=\"https:\/\/achouffe-valley.be\/fr\/clause-de-non-responsabilite\/\" \/>\n<meta property=\"og:site_name\" content=\"Achouffe Valley\" \/>\n<meta property=\"article:publisher\" content=\"https:\/\/www.facebook.com\/achouffevalley\" \/>\n<meta property=\"article:modified_time\" content=\"2024-11-06T09:35:51+00:00\" \/>\n<meta property=\"og:image\" content=\"https:\/\/achouffe-valley.be\/wp-content\/uploads\/2024\/04\/img-achouffe-valley-panorama-dakterras.jpg\" \/>\n\t<meta property=\"og:image:width\" content=\"1800\" \/>\n\t<meta property=\"og:image:height\" content=\"1202\" \/>\n\t<meta property=\"og:image:type\" content=\"image\/jpeg\" \/>\n<meta name=\"twitter:card\" content=\"summary_large_image\" \/>\n<meta name=\"twitter:label1\" content=\"Dur\u00e9e de lecture estim\u00e9e\" \/>\n\t<meta name=\"twitter:data1\" content=\"2 minutes\" \/>\n<script type=\"application\/ld+json\" class=\"yoast-schema-graph\">{\"@context\":\"https:\/\/schema.org\",\"@graph\":[{\"@type\":\"WebPage\",\"@id\":\"https:\/\/achouffe-valley.be\/fr\/clause-de-non-responsabilite\/\",\"url\":\"https:\/\/achouffe-valley.be\/fr\/clause-de-non-responsabilite\/\",\"name\":\"Clause de non-responsabilit\u00e9 | Achouffe Valley\",\"isPartOf\":{\"@id\":\"https:\/\/achouffe-valley.be\/fr\/#website\"},\"datePublished\":\"2024-05-29T07:54:22+00:00\",\"dateModified\":\"2024-11-06T09:35:51+00:00\",\"breadcrumb\":{\"@id\":\"https:\/\/achouffe-valley.be\/fr\/clause-de-non-responsabilite\/#breadcrumb\"},\"inLanguage\":\"fr-FR\",\"potentialAction\":[{\"@type\":\"ReadAction\",\"target\":[\"https:\/\/achouffe-valley.be\/fr\/clause-de-non-responsabilite\/\"]}]},{\"@type\":\"BreadcrumbList\",\"@id\":\"https:\/\/achouffe-valley.be\/fr\/clause-de-non-responsabilite\/#breadcrumb\",\"itemListElement\":[{\"@type\":\"ListItem\",\"position\":1,\"name\":\"Home\",\"item\":\"https:\/\/achouffe-valley.be\/fr\/\"},{\"@type\":\"ListItem\",\"position\":2,\"name\":\"Clause de non-responsabilit\u00e9\"}]},{\"@type\":\"WebSite\",\"@id\":\"https:\/\/achouffe-valley.be\/fr\/#website\",\"url\":\"https:\/\/achouffe-valley.be\/fr\/\",\"name\":\"Achouffe Valley\",\"description\":\"Hotel Restaurant Activiteiten\",\"publisher\":{\"@id\":\"https:\/\/achouffe-valley.be\/fr\/#organization\"},\"potentialAction\":[{\"@type\":\"SearchAction\",\"target\":{\"@type\":\"EntryPoint\",\"urlTemplate\":\"https:\/\/achouffe-valley.be\/fr\/?s={search_term_string}\"},\"query-input\":{\"@type\":\"PropertyValueSpecification\",\"valueRequired\":true,\"valueName\":\"search_term_string\"}}],\"inLanguage\":\"fr-FR\"},{\"@type\":\"Organization\",\"@id\":\"https:\/\/achouffe-valley.be\/fr\/#organization\",\"name\":\"Achouffe Valley\",\"url\":\"https:\/\/achouffe-valley.be\/fr\/\",\"logo\":{\"@type\":\"ImageObject\",\"inLanguage\":\"fr-FR\",\"@id\":\"https:\/\/achouffe-valley.be\/fr\/#\/schema\/logo\/image\/\",\"url\":\"https:\/\/achouffe-valley.be\/wp-content\/uploads\/2024\/04\/logo-achouffe-valley-full.png\",\"contentUrl\":\"https:\/\/achouffe-valley.be\/wp-content\/uploads\/2024\/04\/logo-achouffe-valley-full.png\",\"width\":500,\"height\":500,\"caption\":\"Achouffe Valley\"},\"image\":{\"@id\":\"https:\/\/achouffe-valley.be\/fr\/#\/schema\/logo\/image\/\"},\"sameAs\":[\"https:\/\/www.facebook.com\/achouffevalley\",\"https:\/\/www.instagram.com\/achouffe.valley\/\"]}]}<\/script>\n<!-- \/ Yoast SEO plugin. -->","yoast_head_json":{"title":"Clause de non-responsabilit\u00e9 | Achouffe Valley","robots":{"index":"index","follow":"follow","max-snippet":"max-snippet:-1","max-image-preview":"max-image-preview:large","max-video-preview":"max-video-preview:-1"},"canonical":"https:\/\/achouffe-valley.be\/fr\/clause-de-non-responsabilite\/","og_locale":"fr_FR","og_type":"article","og_title":"Clause de non-responsabilit\u00e9 | Achouffe Valley","og_description":"CLAUSE DE NON-RESPONSABILIT\u00c9 ACHOUFFE VALLEY CLAUSE DE NON-RESPONSABILIT\u00c9 POUR WWW.ACHOUFFE-VALLEY.BE Sur cette page, vous trouverez les mentions l\u00e9gales de www.achouffe-valley.be, telles que mises \u00e0 disposition par Achouffe Valley. Dans cette clause de non-responsabilit\u00e9, nous indiquons dans quelles conditions nous vous proposons les informations sur notre site Internet. PROPRI\u00c9T\u00c9 INTELLECTUELLEL&rsquo;utilisation des informations sur ce site Web est gratuite tant que vous [&hellip;]","og_url":"https:\/\/achouffe-valley.be\/fr\/clause-de-non-responsabilite\/","og_site_name":"Achouffe Valley","article_publisher":"https:\/\/www.facebook.com\/achouffevalley","article_modified_time":"2024-11-06T09:35:51+00:00","og_image":[{"width":1800,"height":1202,"url":"https:\/\/achouffe-valley.be\/wp-content\/uploads\/2024\/04\/img-achouffe-valley-panorama-dakterras.jpg","type":"image\/jpeg"}],"twitter_card":"summary_large_image","twitter_misc":{"Dur\u00e9e de lecture estim\u00e9e":"2 minutes"},"schema":{"@context":"https:\/\/schema.org","@graph":[{"@type":"WebPage","@id":"https:\/\/achouffe-valley.be\/fr\/clause-de-non-responsabilite\/","url":"https:\/\/achouffe-valley.be\/fr\/clause-de-non-responsabilite\/","name":"Clause de non-responsabilit\u00e9 | Achouffe Valley","isPartOf":{"@id":"https:\/\/achouffe-valley.be\/fr\/#website"},"datePublished":"2024-05-29T07:54:22+00:00","dateModified":"2024-11-06T09:35:51+00:00","breadcrumb":{"@id":"https:\/\/achouffe-valley.be\/fr\/clause-de-non-responsabilite\/#breadcrumb"},"inLanguage":"fr-FR","potentialAction":[{"@type":"ReadAction","target":["https:\/\/achouffe-valley.be\/fr\/clause-de-non-responsabilite\/"]}]},{"@type":"BreadcrumbList","@id":"https:\/\/achouffe-valley.be\/fr\/clause-de-non-responsabilite\/#breadcrumb","itemListElement":[{"@type":"ListItem","position":1,"name":"Home","item":"https:\/\/achouffe-valley.be\/fr\/"},{"@type":"ListItem","position":2,"name":"Clause de non-responsabilit\u00e9"}]},{"@type":"WebSite","@id":"https:\/\/achouffe-valley.be\/fr\/#website","url":"https:\/\/achouffe-valley.be\/fr\/","name":"Achouffe Valley","description":"Hotel Restaurant Activiteiten","publisher":{"@id":"https:\/\/achouffe-valley.be\/fr\/#organization"},"potentialAction":[{"@type":"SearchAction","target":{"@type":"EntryPoint","urlTemplate":"https:\/\/achouffe-valley.be\/fr\/?s={search_term_string}"},"query-input":{"@type":"PropertyValueSpecification","valueRequired":true,"valueName":"search_term_string"}}],"inLanguage":"fr-FR"},{"@type":"Organization","@id":"https:\/\/achouffe-valley.be\/fr\/#organization","name":"Achouffe Valley","url":"https:\/\/achouffe-valley.be\/fr\/","logo":{"@type":"ImageObject","inLanguage":"fr-FR","@id":"https:\/\/achouffe-valley.be\/fr\/#\/schema\/logo\/image\/","url":"https:\/\/achouffe-valley.be\/wp-content\/uploads\/2024\/04\/logo-achouffe-valley-full.png","contentUrl":"https:\/\/achouffe-valley.be\/wp-content\/uploads\/2024\/04\/logo-achouffe-valley-full.png","width":500,"height":500,"caption":"Achouffe Valley"},"image":{"@id":"https:\/\/achouffe-valley.be\/fr\/#\/schema\/logo\/image\/"},"sameAs":["https:\/\/www.facebook.com\/achouffevalley","https:\/\/www.instagram.com\/achouffe.valley\/"]}]}},"_links":{"self":[{"href":"https:\/\/achouffe-valley.be\/fr\/wp-json\/wp\/v2\/pages\/6412","targetHints":{"allow":["GET"]}}],"collection":[{"href":"https:\/\/achouffe-valley.be\/fr\/wp-json\/wp\/v2\/pages"}],"about":[{"href":"https:\/\/achouffe-valley.be\/fr\/wp-json\/wp\/v2\/types\/page"}],"author":[{"embeddable":true,"href":"https:\/\/achouffe-valley.be\/fr\/wp-json\/wp\/v2\/users\/2"}],"replies":[{"embeddable":true,"href":"https:\/\/achouffe-valley.be\/fr\/wp-json\/wp\/v2\/comments?post=6412"}],"version-history":[{"count":7,"href":"https:\/\/achouffe-valley.be\/fr\/wp-json\/wp\/v2\/pages\/6412\/revisions"}],"predecessor-version":[{"id":6419,"href":"https:\/\/achouffe-valley.be\/fr\/wp-json\/wp\/v2\/pages\/6412\/revisions\/6419"}],"wp:attachment":[{"href":"https:\/\/achouffe-valley.be\/fr\/wp-json\/wp\/v2\/media?parent=6412"}],"curies":[{"name":"wp","href":"https:\/\/api.w.org\/{rel}","templated":true}]}}